{"id":164,"date":"2020-07-22T12:50:00","date_gmt":"2020-07-22T10:50:00","guid":{"rendered":"http:\/\/utla.univ-pau.fr\/site\/?p=164"},"modified":"2024-07-26T10:07:44","modified_gmt":"2024-07-26T08:07:44","slug":"russe","status":"publish","type":"page","link":"https:\/\/utla.univ-pau.fr\/site\/?page_id=164","title":{"rendered":"Russe"},"content":{"rendered":"<p><strong>Enseignante : Victoria B\u00e9rot-Inard<\/strong>, professeur de Russe &#8211; Ma\u00eetrise en langues \u00e9trang\u00e8res<\/p>\n<p>&nbsp;<\/p>\n<ul>\n<li>D\u00e9butant A1<\/li>\n<li>El\u00e9mentaire A2<\/li>\n<li>Interm\u00e9diaire B1<\/li>\n<li>Interm\u00e9diaire B2<\/li>\n<\/ul>\n<p><a href=\"https:\/\/utla.univ-pau.fr\/site\/wp-content\/uploads\/2021\/07\/tableau-niveaux-communs-de-reference-du-CECR.pdf\" class=\"mtli_attachment mtli_pdf\" data-mtli=\"mtli_filesize80,3kB\">tableau niveaux communs de reference du CECR<\/a><\/p>\n<style type=\"text\/css\">a[data-mtli~=\"mtli_filesize80,3kB\"]:after {content:\" (80,3 kB)\"}<\/style>","protected":false},"excerpt":{"rendered":"<p>Enseignante : Victoria B\u00e9rot-Inard, professeur de Russe &#8211; Ma\u00eetrise en langues \u00e9trang\u00e8res &nbsp; D\u00e9butant A1 El\u00e9mentaire A2 Interm\u00e9diaire B1 Interm\u00e9diaire B2 tableau niveaux communs de reference du CECR<\/p>\n","protected":false},"author":5,"featured_media":0,"parent":657,"menu_order":0,"comment_status":"closed","ping_status":"closed","template":"template\/Page-cours-pleine-largeur.php","meta":[],"acf":[],"_links":{"self":[{"href":"https:\/\/utla.univ-pau.fr\/site\/index.php?rest_route=\/wp\/v2\/pages\/164"}],"collection":[{"href":"https:\/\/utla.univ-pau.fr\/site\/index.php?rest_route=\/wp\/v2\/pages"}],"about":[{"href":"https:\/\/utla.univ-pau.fr\/site\/index.php?rest_route=\/wp\/v2\/types\/page"}],"author":[{"embeddable":true,"href":"https:\/\/utla.univ-pau.fr\/site\/index.php?rest_route=\/wp\/v2\/users\/5"}],"replies":[{"embeddable":true,"href":"https:\/\/utla.univ-pau.fr\/site\/index.php?rest_route=%2Fwp%2Fv2%2Fcomments&post=164"}],"version-history":[{"count":27,"href":"https:\/\/utla.univ-pau.fr\/site\/index.php?rest_route=\/wp\/v2\/pages\/164\/revisions"}],"predecessor-version":[{"id":4550,"href":"https:\/\/utla.univ-pau.fr\/site\/index.php?rest_route=\/wp\/v2\/pages\/164\/revisions\/4550"}],"up":[{"embeddable":true,"href":"https:\/\/utla.univ-pau.fr\/site\/index.php?rest_route=\/wp\/v2\/pages\/657"}],"wp:attachment":[{"href":"https:\/\/utla.univ-pau.fr\/site\/index.php?rest_route=%2Fwp%2Fv2%2Fmedia&parent=164"}],"curies":[{"name":"wp","href":"https:\/\/api.w.org\/{rel}","templated":true}]}}