{"id":1846,"date":"2020-07-27T13:47:12","date_gmt":"2020-07-27T11:47:12","guid":{"rendered":"https:\/\/utla.univ-pau.fr\/site\/?page_id=1846"},"modified":"2025-09-01T19:22:47","modified_gmt":"2025-09-01T17:22:47","slug":"peinture-renaissance-italienne","status":"publish","type":"page","link":"https:\/\/utla.univ-pau.fr\/site\/?page_id=1846","title":{"rendered":"Histoire de la repr\u00e9sentation du nu dans les arts europ\u00e9ens du XVIe si\u00e8cle au XVIIIe si\u00e8cle"},"content":{"rendered":"<p><strong>Enseignante : Agn\u00e8s Faure<\/strong>, Docteure en histoire de l&rsquo;art, charg\u00e9e de cours \u00e0 l&rsquo;UPPA<\/p>\n<p><strong>Semestre 2, 10 s\u00e9ances, 1h30 hebdomadaire<\/strong><\/p>\n<p style=\"text-align: justify;\">Pour l\u2019ann\u00e9e 2025-2026 je vous propose de poursuivre mon propos sur la th\u00e9matique de la repr\u00e9sentation du nu qui se concentrera d\u00e9sormais sur l\u2019\u00e9poque moderne. Le nu f\u00e9minin occupera une place importante dans cette pr\u00e9sentation, qu\u2019il s\u2019agisse des nus f\u00e9minins allong\u00e9s (prenant mod\u00e8le sur les c\u00e9l\u00e8bres V\u00e9nus de Giorgione ou du Titien au XVIe si\u00e8cle) ou encore des nombreuses femmes \u00e0 leur toilette. Ce type de repr\u00e9sentations se multiplie particuli\u00e8rement au XVIe si\u00e8cle en Italie et dans le reste de l\u2019Europe. \u00c0 la suite de Fontainebleau, la peinture fran\u00e7aise en fournit aussi de nombreux exemples, de m\u00eame qu\u2019en Espagne, au XVIIe si\u00e8cle, le c\u00e9l\u00e8bre Diego Velasquez en donne de fameuses illustrations !<\/p>\n<p style=\"text-align: justify;\">Au XVIIIe si\u00e8cle, la nudit\u00e9 s\u2019invite souvent dans les sc\u00e8nes d\u2019int\u00e9rieur, les boudoirs, et l\u2019on reconna\u00eet parfois les mod\u00e8les qui se pr\u00eatent \u00e0 la s\u00e9ance de pause. Dans ce contexte de d\u00e9mystification, le nu f\u00e9minin devient fortement \u00e9rotique et peu avant l\u2019aube du XIXe si\u00e8cle, Francisco Goya d\u00e9shabille sa maja qui offre alors toute sa nudit\u00e9 \u00e0 celui qui la regarde.<\/p>\n<p>&nbsp;<\/p>\n","protected":false},"excerpt":{"rendered":"<p>Enseignante : Agn\u00e8s Faure, Docteure en histoire de l&rsquo;art, charg\u00e9e de cours \u00e0 l&rsquo;UPPA Semestre 2, 10 s\u00e9ances, 1h30 hebdomadaire Pour l\u2019ann\u00e9e 2025-2026 je vous propose de poursuivre mon propos sur la th\u00e9matique de la repr\u00e9sentation du nu qui se concentrera d\u00e9sormais sur l\u2019\u00e9poque moderne. Le nu f\u00e9minin occupera une&#8230; <a href=\"https:\/\/utla.univ-pau.fr\/site\/?page_id=1846\" class=\"readmore\">lire la suite\u2026<span class=\"screen-reader-text\">Histoire de la repr\u00e9sentation du nu dans les arts europ\u00e9ens du XVIe si\u00e8cle au XVIIIe si\u00e8cle<\/span><span class=\"fa fa-angle-double-right\" aria-hidden=\"true\"><\/span><\/a><\/p>\n","protected":false},"author":5,"featured_media":0,"parent":1170,"menu_order":2,"comment_status":"closed","ping_status":"closed","template":"template\/Page-cours-pleine-largeur.php","meta":[],"acf":[],"_links":{"self":[{"href":"https:\/\/utla.univ-pau.fr\/site\/index.php?rest_route=\/wp\/v2\/pages\/1846"}],"collection":[{"href":"https:\/\/utla.univ-pau.fr\/site\/index.php?rest_route=\/wp\/v2\/pages"}],"about":[{"href":"https:\/\/utla.univ-pau.fr\/site\/index.php?rest_route=\/wp\/v2\/types\/page"}],"author":[{"embeddable":true,"href":"https:\/\/utla.univ-pau.fr\/site\/index.php?rest_route=\/wp\/v2\/users\/5"}],"replies":[{"embeddable":true,"href":"https:\/\/utla.univ-pau.fr\/site\/index.php?rest_route=%2Fwp%2Fv2%2Fcomments&post=1846"}],"version-history":[{"count":28,"href":"https:\/\/utla.univ-pau.fr\/site\/index.php?rest_route=\/wp\/v2\/pages\/1846\/revisions"}],"predecessor-version":[{"id":7756,"href":"https:\/\/utla.univ-pau.fr\/site\/index.php?rest_route=\/wp\/v2\/pages\/1846\/revisions\/7756"}],"up":[{"embeddable":true,"href":"https:\/\/utla.univ-pau.fr\/site\/index.php?rest_route=\/wp\/v2\/pages\/1170"}],"wp:attachment":[{"href":"https:\/\/utla.univ-pau.fr\/site\/index.php?rest_route=%2Fwp%2Fv2%2Fmedia&parent=1846"}],"curies":[{"name":"wp","href":"https:\/\/api.w.org\/{rel}","templated":true}]}}