{"id":2000,"date":"2020-07-27T15:15:33","date_gmt":"2020-07-27T13:15:33","guid":{"rendered":"https:\/\/utla.univ-pau.fr\/site\/?page_id=2000"},"modified":"2024-10-09T15:55:06","modified_gmt":"2024-10-09T13:55:06","slug":"conferences-adherents","status":"publish","type":"page","link":"https:\/\/utla.univ-pau.fr\/site\/?page_id=2000","title":{"rendered":"Conf\u00e9rences adh\u00e9rents"},"content":{"rendered":"<p>Dans ce menu, les activit\u00e9s sont <strong>r\u00e9serv\u00e9es aux adh\u00e9rents de l&rsquo;UTLA-Pau<\/strong> \u00e0 jour de leur cotisation :<\/p>\n<ul>\n<li><a href=\"https:\/\/utla.univ-pau.fr\/site\/?cat=51\">Conservatoire de musique<\/a> : conf\u00e9rences-concerts propos\u00e9es dans le cadre d\u2019un partenariat entre l\u2019UTLA-Pau et le Conservatoire de musique et de danse de Pau-Pyr\u00e9n\u00e9es.<\/li>\n<li><a href=\"https:\/\/utla.univ-pau.fr\/site\/?cat=52\">Ch\u00e2teau de Pau<\/a> : Les activit\u00e9s de cette cat\u00e9gorie sont propos\u00e9es dans le cadre d\u2019un partenariat entre l\u2019UTLA-Pau et le Ch\u00e2teau de Pau.<\/li>\n<\/ul>\n","protected":false},"excerpt":{"rendered":"<p>Dans ce menu, les activit\u00e9s sont r\u00e9serv\u00e9es aux adh\u00e9rents de l&rsquo;UTLA-Pau \u00e0 jour de leur cotisation : Conservatoire de musique : conf\u00e9rences-concerts propos\u00e9es dans le cadre d\u2019un partenariat entre l\u2019UTLA-Pau et le Conservatoire de musique et de danse de Pau-Pyr\u00e9n\u00e9es. Ch\u00e2teau de Pau : Les activit\u00e9s de cette cat\u00e9gorie sont&#8230; <a href=\"https:\/\/utla.univ-pau.fr\/site\/?page_id=2000\" class=\"readmore\">lire la suite\u2026<span class=\"screen-reader-text\">Conf\u00e9rences adh\u00e9rents<\/span><span class=\"fa fa-angle-double-right\" aria-hidden=\"true\"><\/span><\/a><\/p>\n","protected":false},"author":5,"featured_media":0,"parent":0,"menu_order":0,"comment_status":"closed","ping_status":"closed","template":"template\/content-sidebar.php","meta":[],"acf":[],"_links":{"self":[{"href":"https:\/\/utla.univ-pau.fr\/site\/index.php?rest_route=\/wp\/v2\/pages\/2000"}],"collection":[{"href":"https:\/\/utla.univ-pau.fr\/site\/index.php?rest_route=\/wp\/v2\/pages"}],"about":[{"href":"https:\/\/utla.univ-pau.fr\/site\/index.php?rest_route=\/wp\/v2\/types\/page"}],"author":[{"embeddable":true,"href":"https:\/\/utla.univ-pau.fr\/site\/index.php?rest_route=\/wp\/v2\/users\/5"}],"replies":[{"embeddable":true,"href":"https:\/\/utla.univ-pau.fr\/site\/index.php?rest_route=%2Fwp%2Fv2%2Fcomments&post=2000"}],"version-history":[{"count":15,"href":"https:\/\/utla.univ-pau.fr\/site\/index.php?rest_route=\/wp\/v2\/pages\/2000\/revisions"}],"predecessor-version":[{"id":7131,"href":"https:\/\/utla.univ-pau.fr\/site\/index.php?rest_route=\/wp\/v2\/pages\/2000\/revisions\/7131"}],"wp:attachment":[{"href":"https:\/\/utla.univ-pau.fr\/site\/index.php?rest_route=%2Fwp%2Fv2%2Fmedia&parent=2000"}],"curies":[{"name":"wp","href":"https:\/\/api.w.org\/{rel}","templated":true}]}}