{"id":202,"date":"2021-10-14T11:00:50","date_gmt":"2021-10-14T09:00:50","guid":{"rendered":"http:\/\/utla.univ-pau.fr\/site\/?p=202"},"modified":"2025-09-26T09:13:53","modified_gmt":"2025-09-26T07:13:53","slug":"randonnees-montagne-ski-de-fond-raquettes","status":"publish","type":"page","link":"https:\/\/utla.univ-pau.fr\/site\/?page_id=202","title":{"rendered":"Randonn\u00e9es montagne, raquettes"},"content":{"rendered":"<p class=\"post_excerpt\">La premi\u00e8re sortie aura lieu le 07\/10\/25.<\/p>\n<p>Les sorties ont lieu le mardi toute la journ\u00e9e (hors p\u00e9riodes de vacances de l\u2019UTLA).<\/p>\n<p><strong>Lieu de RDV du bus sur le parking du Z\u00e9nith pr\u00e8s du Palais des Sports.<\/strong><\/p>\n<p>&nbsp;<\/p>\n<p><strong>Inscription d\u00e8s le vendredi matin 9h30 via internet : https:\/\/reservation.utla-pau.fr\/\u00a0et jusqu&rsquo;au dimanche minuit.<\/strong><\/p>\n<p>Ouverture des inscriptions sur le site internet : \u00e0 compter du vendredi 03 octobre 2025 d\u00e8s 9h30.<\/p>\n<blockquote><p>Un certificat m\u00e9dical de non contre-indication \u00e0 la pratique de la randonn\u00e9e en montagne est exig\u00e9 avant toute inscription en ligne aux sorties sur le site internet.<span style=\"font-size: xx-small;\"><span style=\"color: #ff0000;\">\u00a0<\/span><\/span><\/p><\/blockquote>\n<p>Pour les randonn\u00e9es en montagne trois niveaux : d\u00e9nivel\u00e9 600 m, 900 m et 1 200 m.<\/p>\n<p>Le co\u00fbt de l\u2019inscription sur internet de chaque sortie sera fix\u00e9 apr\u00e8s la cl\u00f4ture des comptes de l\u2019association (transport par autobus jusqu\u2019au lieu de la promenade).<\/p>\n<p>Les sorties montagne \u00e9tant affili\u00e9es \u00e0 la FFME voici les recommandations de la f\u00e9d\u00e9ration que nous vous demandons de suivre<\/p>\n<p><a href=\"https:\/\/utla.univ-pau.fr\/site\/wp-content\/uploads\/2020\/09\/Recommandations_Adherents.pdf\" class=\"mtli_attachment mtli_pdf\" data-mtli=\"mtli_filesize33,6kB\">Recommandations_Adherents<\/a><\/p>\n<p><a href=\"https:\/\/utla.univ-pau.fr\/site\/wp-content\/uploads\/2020\/09\/Materiel_pour_les_sorties_Montagne.pdf\" class=\"mtli_attachment mtli_pdf\" data-mtli=\"mtli_filesize32,4kB\">Materiel_pour_les_sorties_Montagne<\/a><\/p>\n<p><a href=\"https:\/\/utla.univ-pau.fr\/site\/wp-content\/uploads\/2016\/07\/montagne-groupes.pdf\" class=\"mtli_attachment mtli_pdf\" target=\"_blank\" rel=\"noopener noreferrer\">Groupes montagne<\/a><\/p>\n<p>&nbsp;<\/p>\n<h3>Modalit\u00e9s d\u2019inscription en ligne pour cette activit\u00e9 de plein-air<\/h3>\n<p>Comment y acc\u00e9der<\/p>\n<ul>\n<li>Se connecter sur le site <em>https:\/\/reservation.utla-pau.fr\/<\/em><\/li>\n<li>Cliquer sur la barre de menu \u00ab Activit\u00e9s de plein-air \u00bb puis s\u00e9lectionner l\u2019onglet : Randonn\u00e9e en montagne.<\/li>\n<li>Places disponibles chaque semaine : un compteur signale le nombre de places restantes.<\/li>\n<li>Randonn\u00e9e en montagne : 3 groupes au choix A, B et C (56 places chacun).<\/li>\n<li>Pour vous inscrire chaque semaine, vous devrez vous identifier en saisissant votre adresse mail ainsi que mot de passe.<\/li>\n<li>Si vous n\u2019\u00eates pas \u00e0 jour de votre cotisation ou si vous n\u2019avez pas remis votre certificat m\u00e9dical pour l\u2019activit\u00e9 demand\u00e9e, votre inscription sera refus\u00e9e. Le logiciel en lien direct avec notre fichier \u00ab adh\u00e9rents \u00bb permettra de v\u00e9rifier ces conditions r\u00e9unies.<\/li>\n<li>Vous devrez saisir votre num\u00e9ro de carte bancaire en cours de validit\u00e9 pour r\u00e9gler votre inscription (uniquement pour la campagne et la montagne).<\/li>\n<li>Un message de confirmation vous sera adress\u00e9 imm\u00e9diatement sur votre bo\u00eete e-mail. Il indiquera la sortie pour laquelle vous vous \u00eates inscrit ainsi que le montant pay\u00e9.<\/li>\n<li>Vous pourrez inscrire et r\u00e9gler pour d\u2019autres adh\u00e9rents n\u2019ayant pas internet en indiquant leur num\u00e9ro de carte adh\u00e9rent (avec les m\u00eames conditions exig\u00e9es plus haut).<\/li>\n<li>Vous disposerez d\u2019un compte personnel dans lequel figurera l\u2019historique de tous vos paiements.<\/li>\n<li>Votre inscription enregistr\u00e9e, vous ne pourrez plus l\u2019annuler.<\/li>\n<li>Aucun remboursement ne sera possible.<\/li>\n<li>Le paiement est s\u00e9curis\u00e9. Aucune donn\u00e9e bancaire n\u2019est m\u00e9moris\u00e9e.<\/li>\n<li>Lorsque la sortie est annul\u00e9e par les accompagnateurs (mauvaises conditions m\u00e9t\u00e9orologiques ou effectifs insuffisants), un avoir est g\u00e9n\u00e9r\u00e9 sur le compte de l&rsquo;adh\u00e9rent.<\/li>\n<\/ul>\n<style type=\"text\/css\">a[data-mtli~=\"mtli_filesize33,6kB\"]:after {content:\" (33,6 kB)\"}a[data-mtli~=\"mtli_filesize32,4kB\"]:after {content:\" (32,4 kB)\"}<\/style>","protected":false},"excerpt":{"rendered":"<p>La premi\u00e8re sortie aura lieu le 07\/10\/25. Les sorties ont lieu le mardi toute la journ\u00e9e (hors p\u00e9riodes de vacances de l\u2019UTLA). Lieu de RDV du bus sur le parking du Z\u00e9nith pr\u00e8s du Palais des Sports. &nbsp; Inscription d\u00e8s le vendredi matin 9h30 via internet : https:\/\/reservation.utla-pau.fr\/\u00a0et jusqu&rsquo;au dimanche&#8230; <a href=\"https:\/\/utla.univ-pau.fr\/site\/?page_id=202\" class=\"readmore\">lire la suite\u2026<span class=\"screen-reader-text\">Randonn\u00e9es montagne, raquettes<\/span><span class=\"fa fa-angle-double-right\" aria-hidden=\"true\"><\/span><\/a><\/p>\n","protected":false},"author":5,"featured_media":0,"parent":715,"menu_order":1,"comment_status":"closed","ping_status":"closed","template":"template\/Page-cours-pleine-largeur.php","meta":[],"acf":[],"_links":{"self":[{"href":"https:\/\/utla.univ-pau.fr\/site\/index.php?rest_route=\/wp\/v2\/pages\/202"}],"collection":[{"href":"https:\/\/utla.univ-pau.fr\/site\/index.php?rest_route=\/wp\/v2\/pages"}],"about":[{"href":"https:\/\/utla.univ-pau.fr\/site\/index.php?rest_route=\/wp\/v2\/types\/page"}],"author":[{"embeddable":true,"href":"https:\/\/utla.univ-pau.fr\/site\/index.php?rest_route=\/wp\/v2\/users\/5"}],"replies":[{"embeddable":true,"href":"https:\/\/utla.univ-pau.fr\/site\/index.php?rest_route=%2Fwp%2Fv2%2Fcomments&post=202"}],"version-history":[{"count":31,"href":"https:\/\/utla.univ-pau.fr\/site\/index.php?rest_route=\/wp\/v2\/pages\/202\/revisions"}],"predecessor-version":[{"id":7916,"href":"https:\/\/utla.univ-pau.fr\/site\/index.php?rest_route=\/wp\/v2\/pages\/202\/revisions\/7916"}],"up":[{"embeddable":true,"href":"https:\/\/utla.univ-pau.fr\/site\/index.php?rest_route=\/wp\/v2\/pages\/715"}],"wp:attachment":[{"href":"https:\/\/utla.univ-pau.fr\/site\/index.php?rest_route=%2Fwp%2Fv2%2Fmedia&parent=202"}],"curies":[{"name":"wp","href":"https:\/\/api.w.org\/{rel}","templated":true}]}}