{"id":2499,"date":"2020-07-27T14:14:56","date_gmt":"2020-07-27T12:14:56","guid":{"rendered":"https:\/\/utla.univ-pau.fr\/site\/?page_id=2499"},"modified":"2025-07-25T11:15:37","modified_gmt":"2025-07-25T09:15:37","slug":"art-et-litterature","status":"publish","type":"page","link":"https:\/\/utla.univ-pau.fr\/site\/?page_id=2499","title":{"rendered":"La beaut\u00e9 \u00e0 la rescousse"},"content":{"rendered":"<p><strong>Enseignant : Jean-Marc Terrasse, <\/strong>journaliste et \u00e9crivain, ancien attach\u00e9 culturel et directeur des Auditoriums du Louvre<\/p>\n<p><strong>Semestres 1 et 2\/12 s\u00e9ances x1h30 (cours par quinzaine)<\/strong><\/p>\n<p style=\"text-align: justify;\">Les \u0153uvres anciennes nous apprennent que la beaut\u00e9 change avec les \u00e9poques. Deux si\u00e8cles s\u00e9parent une Annonciation de Fra Angelico (1395-1455) d\u2019une madone \u00e0 l\u2019enfant de Rubens (1577-1640) : entretemps les mani\u00e8res de voir et de juger ne sont pas rest\u00e9es les m\u00eames. Deux si\u00e8cles s\u00e9parent David (Jacques-Louis -1748-1825) de David (Hockney n\u00e9 en 1937), un si\u00e8cle s\u00e9pare Vincent Van Gogh (1853-1890) de Jeff Koons (n\u00e9 en 1955) :\u00a0 comparer leurs \u0153uvres avec les m\u00eames crit\u00e8res n\u2019a pas de sens. Produits ou non de leur g\u00e9nie propre, les artistes sont des hommes de leur temps qui nous disent ce que fut ce temps. Bien-s\u00fbr nous sommes plus sensibles \u00e0 certaines \u00e9poques qu\u2019\u00e0 d\u2019autres, soit individuellement, soit que le go\u00fbt de l\u2019\u00e9poque ressemble au n\u00f4tre. Il en est de m\u00eame en musique: certains pr\u00e9f\u00e8rent le baroque au romantisme et r\u00e9ciproquement, sans pour autant comparer Bach \u00e0 Brahms. Il en est de m\u00eame en litt\u00e9rature. Nous avons la chance que les mus\u00e9es, les expositions, les salles de concert et les lectures nous proposent ces promenades dans le temps, rendant pass\u00e9 et pr\u00e9sent \u00e9troitement li\u00e9s. Profitons-en.<\/p>\n<p>&nbsp;<\/p>\n<p><strong>\u00a0<\/strong><\/p>\n","protected":false},"excerpt":{"rendered":"<p>Enseignant : Jean-Marc Terrasse, journaliste et \u00e9crivain, ancien attach\u00e9 culturel et directeur des Auditoriums du Louvre Semestres 1 et 2\/12 s\u00e9ances x1h30 (cours par quinzaine) Les \u0153uvres anciennes nous apprennent que la beaut\u00e9 change avec les \u00e9poques. Deux si\u00e8cles s\u00e9parent une Annonciation de Fra Angelico (1395-1455) d\u2019une madone \u00e0 l\u2019enfant&#8230; <a href=\"https:\/\/utla.univ-pau.fr\/site\/?page_id=2499\" class=\"readmore\">lire la suite\u2026<span class=\"screen-reader-text\">La beaut\u00e9 \u00e0 la rescousse<\/span><span class=\"fa fa-angle-double-right\" aria-hidden=\"true\"><\/span><\/a><\/p>\n","protected":false},"author":5,"featured_media":0,"parent":1170,"menu_order":5,"comment_status":"closed","ping_status":"closed","template":"template\/Page-cours-pleine-largeur.php","meta":[],"acf":[],"_links":{"self":[{"href":"https:\/\/utla.univ-pau.fr\/site\/index.php?rest_route=\/wp\/v2\/pages\/2499"}],"collection":[{"href":"https:\/\/utla.univ-pau.fr\/site\/index.php?rest_route=\/wp\/v2\/pages"}],"about":[{"href":"https:\/\/utla.univ-pau.fr\/site\/index.php?rest_route=\/wp\/v2\/types\/page"}],"author":[{"embeddable":true,"href":"https:\/\/utla.univ-pau.fr\/site\/index.php?rest_route=\/wp\/v2\/users\/5"}],"replies":[{"embeddable":true,"href":"https:\/\/utla.univ-pau.fr\/site\/index.php?rest_route=%2Fwp%2Fv2%2Fcomments&post=2499"}],"version-history":[{"count":29,"href":"https:\/\/utla.univ-pau.fr\/site\/index.php?rest_route=\/wp\/v2\/pages\/2499\/revisions"}],"predecessor-version":[{"id":7641,"href":"https:\/\/utla.univ-pau.fr\/site\/index.php?rest_route=\/wp\/v2\/pages\/2499\/revisions\/7641"}],"up":[{"embeddable":true,"href":"https:\/\/utla.univ-pau.fr\/site\/index.php?rest_route=\/wp\/v2\/pages\/1170"}],"wp:attachment":[{"href":"https:\/\/utla.univ-pau.fr\/site\/index.php?rest_route=%2Fwp%2Fv2%2Fmedia&parent=2499"}],"curies":[{"name":"wp","href":"https:\/\/api.w.org\/{rel}","templated":true}]}}