{"id":26,"date":"2022-07-14T12:45:13","date_gmt":"2022-07-14T10:45:13","guid":{"rendered":"http:\/\/utla.univ-pau.fr\/site\/?page_id=26"},"modified":"2025-12-03T16:57:59","modified_gmt":"2025-12-03T15:57:59","slug":"dates-a-ne-pas-manquer","status":"publish","type":"page","link":"https:\/\/utla.univ-pau.fr\/site\/?page_id=26","title":{"rendered":"Dates \u00e0 ne pas manquer"},"content":{"rendered":"<p style=\"text-align: center;\"><strong>Calendrier de la saison UTLA 2025\/2026\u00a0<\/strong><\/p>\n<p>&nbsp;<\/p>\n<blockquote><p><strong>Lundi 15\/09 :<\/strong> <a href=\"https:\/\/utla.univ-pau.fr\/site\/?page_id=37\"><strong>d\u00e9but des inscriptions<\/strong><\/a> \u00e0 l\u2019association avec paiement de la cotisation via internet ou possibilit\u00e9 de r\u00e9gler aupr\u00e8s du secr\u00e9tariat suivant horaires d&rsquo;ouverture.<\/p><\/blockquote>\n<p>&nbsp;<\/p>\n<p><strong>Mercredi 17\/09 : <\/strong>ouverture des inscriptions \u00e0 l&rsquo;aquagym et \u00e0 la natation d\u00e8s 9h30 via internet<strong><br \/>\n<\/strong><\/p>\n<p><strong>Lundi 22\/09 :<\/strong> r\u00e9union d&rsquo;informations sur les activit\u00e9s de plein-air<\/p>\n<p><strong>Vendredi 03\/10 :<\/strong> ouverture des inscriptions \u00e0 la <a href=\"https:\/\/utla.univ-pau.fr\/site\/?page_id=207\">marche en campagne b\u00e9arnaise<\/a> d\u00e8s 9h30 via internet<\/p>\n<p><strong>Vendredi 03\/10 :<\/strong> ouverture des inscriptions aux <a href=\"https:\/\/utla.univ-pau.fr\/site\/?page_id=202\">randonn\u00e9es en montagne<\/a><\/p>\n<ul>\n<li>Mardi 07\/10 : premi\u00e8re randonn\u00e9e en montagne<\/li>\n<li>Jeudi 09\/10 : premi\u00e8re marche en campagne (apr\u00e8s-midi)<\/li>\n<li>Lundi 13\/10 : d\u00e9but des activit\u00e9s physiques et aquatiques (25 s\u00e9ances au total sur l&rsquo;ann\u00e9e)<\/li>\n<\/ul>\n<blockquote><p><strong>Vendredi 10\/10<\/strong> : <strong>pr\u00e9sentation des cours culturels\/9h30-12h30 <\/strong>(lieu en attente suivant disponibilit\u00e9 des amphis \u00e0 l&rsquo;UPPA)<\/p><\/blockquote>\n<p>&nbsp;<\/p>\n<p><strong>Lundi 20\/10<\/strong> : ouverture des inscriptions \u00e0 l&rsquo;atelier initiation \u00e0 la pal\u00e9ographie d\u00e8s 9h30 via internet<\/p>\n<p><strong>Mercredi 22\/10<\/strong> : ouverture des inscriptions \u00e0 l&rsquo;atelier \u00e9criture d\u00e8s 9h30 via internet<\/p>\n<p><strong>Vendredi 24\/10<\/strong> : ouverture des inscriptions \u00e0 l&rsquo;atelier dessin d\u00e8s 9h30 via internet<\/p>\n<p>&nbsp;<\/p>\n<ul>\n<li>Lundi 03\/11 : d\u00e9but des cours culturels et\/ou de langues<\/li>\n<\/ul>\n<p><u>Cr\u00e9neaux horaires<\/u>\u00a0:<\/p>\n<ul>\n<li>Aquagym Les Bruy\u00e8res<\/li>\n<\/ul>\n<table style=\"height: 108px;\" width=\"995\">\n<tbody>\n<tr>\n<td width=\"264\"><strong>JOURS<\/strong><\/td>\n<td width=\"264\"><strong>HORAIRES<\/strong><\/td>\n<\/tr>\n<tr>\n<td width=\"264\">Jeudi<\/td>\n<td width=\"264\">11h20 \u00e0 12h05<\/td>\n<\/tr>\n<tr>\n<td width=\"264\">Vendredi<\/td>\n<td width=\"264\">08h45 \u00e0 09h30 et 15h00 \u00e0 15h45<\/td>\n<\/tr>\n<\/tbody>\n<\/table>\n<ul>\n<li>Aquagym Odyss\u00e9e 44<\/li>\n<\/ul>\n<table>\n<tbody>\n<tr>\n<td width=\"264\"><strong>JOURS<\/strong><\/td>\n<td width=\"264\"><strong>HORAIRES<\/strong><\/td>\n<\/tr>\n<tr>\n<td width=\"264\">Jeudi<\/td>\n<td width=\"264\">11h \u00e0 11h45<\/td>\n<\/tr>\n<\/tbody>\n<\/table>\n<p>&nbsp;<\/p>\n<ul>\n<li>Natation : <strong>Initiation<\/strong> \u2013 Piscine P\u00e9guilhan<\/li>\n<\/ul>\n<table>\n<tbody>\n<tr>\n<td width=\"264\"><strong>JOURS<\/strong><\/td>\n<td width=\"264\"><strong>HORAIRES<\/strong><\/td>\n<\/tr>\n<tr>\n<td width=\"264\">Vendredi (Christine G\u00e9rard)<\/td>\n<td width=\"264\">16h30 \u00e0 17h15 (bassin sportif partag\u00e9)<\/td>\n<\/tr>\n<\/tbody>\n<\/table>\n<ul>\n<li>Natation : <strong>Perfectionnement<\/strong> &#8211; Piscine P\u00e9guilhan<\/li>\n<\/ul>\n<table>\n<tbody>\n<tr>\n<td width=\"264\"><strong>JOURS<\/strong><\/td>\n<td width=\"264\"><strong>HORAIRES<\/strong><\/td>\n<\/tr>\n<tr>\n<td width=\"264\">Vendredi (Karl Reynaert)<\/td>\n<td width=\"264\">16h30 \u00e0 17h15 (bassin sportif partag\u00e9)<\/td>\n<\/tr>\n<\/tbody>\n<\/table>\n<p><strong>\u00a0<\/strong><\/p>\n<blockquote><p><strong>D\u00e9but des activit\u00e9s culturelles et cours de langues<\/strong> <span style=\"color: #ff0000;\">(acc\u00e8s aux cours non limit\u00e9s)<\/span> : d\u00e8s le 03\/11\/25<\/p><\/blockquote>\n<p><strong>Jours f\u00e9ri\u00e9s appliqu\u00e9s \u00e0 l\u2019UTLA :<\/strong><\/p>\n<ul>\n<li>Mardi 11 novembre 2025<\/li>\n<li>Vendredi 8 mai 2026<\/li>\n<\/ul>\n<p><strong>Vacances universitaires de l\u2019UTLA :<\/strong><\/p>\n<ul>\n<li>Du vendredi 19\/12\/25 au soir au lundi 05\/01\/26 au matin<\/li>\n<li>Du vendredi 06\/02\/26 au soir au lundi 23\/02\/26 au matin<\/li>\n<li>Du vendredi 03\/04\/25 au soir au lundi 20\/04\/26 au matin<\/li>\n<\/ul>\n<p><strong>Fin des activit\u00e9s culturelles et physiques :<\/strong><\/p>\n<ul>\n<li>25 s\u00e9ances programm\u00e9es pour chaque cr\u00e9neau : activit\u00e9s aquatiques<\/li>\n<li>Vendredi 22 mai 2026 : fin des activit\u00e9s physiques<\/li>\n<li>Vendredi 22 mai 2026 : fin des activit\u00e9s culturelles<\/li>\n<li>Mardi 30 juin 2026 : fin des activit\u00e9s de plein-air<\/li>\n<\/ul>\n<blockquote><p><strong>Assembl\u00e9e G\u00e9n\u00e9rale Ordinaire<\/strong> : jeudi 11 d\u00e9cembre 2025 &#8211; 10h -Amphi 400 &#8211; B\u00e2timent Droit<em><br \/>\n<\/em><\/p><\/blockquote>\n","protected":false},"excerpt":{"rendered":"<p>Calendrier de la saison UTLA 2025\/2026\u00a0 &nbsp; Lundi 15\/09 : d\u00e9but des inscriptions \u00e0 l\u2019association avec paiement de la cotisation via internet ou possibilit\u00e9 de r\u00e9gler aupr\u00e8s du secr\u00e9tariat suivant horaires d&rsquo;ouverture. &nbsp; Mercredi 17\/09 : ouverture des inscriptions \u00e0 l&rsquo;aquagym et \u00e0 la natation d\u00e8s 9h30 via internet Lundi&#8230; <a href=\"https:\/\/utla.univ-pau.fr\/site\/?page_id=26\" class=\"readmore\">lire la suite\u2026<span class=\"screen-reader-text\">Dates \u00e0 ne pas manquer<\/span><span class=\"fa fa-angle-double-right\" aria-hidden=\"true\"><\/span><\/a><\/p>\n","protected":false},"author":5,"featured_media":0,"parent":1096,"menu_order":2,"comment_status":"closed","ping_status":"closed","template":"template\/full-width.php","meta":[],"acf":[],"_links":{"self":[{"href":"https:\/\/utla.univ-pau.fr\/site\/index.php?rest_route=\/wp\/v2\/pages\/26"}],"collection":[{"href":"https:\/\/utla.univ-pau.fr\/site\/index.php?rest_route=\/wp\/v2\/pages"}],"about":[{"href":"https:\/\/utla.univ-pau.fr\/site\/index.php?rest_route=\/wp\/v2\/types\/page"}],"author":[{"embeddable":true,"href":"https:\/\/utla.univ-pau.fr\/site\/index.php?rest_route=\/wp\/v2\/users\/5"}],"replies":[{"embeddable":true,"href":"https:\/\/utla.univ-pau.fr\/site\/index.php?rest_route=%2Fwp%2Fv2%2Fcomments&post=26"}],"version-history":[{"count":32,"href":"https:\/\/utla.univ-pau.fr\/site\/index.php?rest_route=\/wp\/v2\/pages\/26\/revisions"}],"predecessor-version":[{"id":8026,"href":"https:\/\/utla.univ-pau.fr\/site\/index.php?rest_route=\/wp\/v2\/pages\/26\/revisions\/8026"}],"up":[{"embeddable":true,"href":"https:\/\/utla.univ-pau.fr\/site\/index.php?rest_route=\/wp\/v2\/pages\/1096"}],"wp:attachment":[{"href":"https:\/\/utla.univ-pau.fr\/site\/index.php?rest_route=%2Fwp%2Fv2%2Fmedia&parent=26"}],"curies":[{"name":"wp","href":"https:\/\/api.w.org\/{rel}","templated":true}]}}