{"id":277,"date":"2020-07-27T14:30:11","date_gmt":"2020-07-27T12:30:11","guid":{"rendered":"http:\/\/utla.univ-pau.fr\/site\/?p=277"},"modified":"2025-07-25T11:18:09","modified_gmt":"2025-07-25T09:18:09","slug":"seminaire-de-philosophie","status":"publish","type":"page","link":"https:\/\/utla.univ-pau.fr\/site\/?page_id=277","title":{"rendered":"Intelligences artificielles"},"content":{"rendered":"<p><strong>La m\u00e9taphysique<\/strong><\/p>\n<p class=\"post_excerpt\"><strong>Enseignant : Vincent Renault<\/strong>, professeur agr\u00e9g\u00e9 de philosophie, enseignant en classes pr\u00e9paratoires aux Grandes Ecoles au Lyc\u00e9e Louis Barthou<\/p>\n<p><strong>Semestre 1\/10 s\u00e9ances x 1h30<br \/>\n<\/strong><\/p>\n<p style=\"text-align: justify;\">L\u2019actualit\u00e9 des \u00ab intelligences artificielles \u00bb nous interroge. Quelles activit\u00e9s tenons-nous \u00e0 exercer nous-m\u00eames? La philosophie, qui est le projet d\u2019une pens\u00e9e compl\u00e8tement assum\u00e9e, en premi\u00e8re personne, regagne en signification. Dans cet esprit, le cours de philosophie propos\u00e9 aura deux temps.<\/p>\n<ul>\n<li style=\"text-align: justify;\">\u00a0Tout d\u2019abord l\u2019expos\u00e9 d\u2019un discours aussi coh\u00e9rent que possible, instruit de la pens\u00e9e de philosophes de la tradition, sur un th\u00e8me donn\u00e9.<\/li>\n<li style=\"text-align: justify;\">Ce propos pourra ensuite \u00eatre mis en question, repris, d\u00e9fi\u00e9, r\u00e9fut\u00e9, ajust\u00e9 ou renforc\u00e9 \u00e0 travers les questions, doutes ou (contre)expos\u00e9s des pr\u00e9sents, avec pour principal, voire pour unique objectif, le progr\u00e8s vers une pens\u00e9e plus s\u00fbre de l\u2019objet, ou (ce qui revient au m\u00eame) une lucidit\u00e9 plus claire sur les vides.<\/li>\n<\/ul>\n<p style=\"text-align: justify;\">La premi\u00e8re rencontre portera sur\u00a0\u00ab\u00a0L\u2019intelligence\u00a0\u00bb. Le th\u00e8me suivant sera d\u00e9termin\u00e9 \u00e0 l\u2019issue de chaque cours.<\/p>\n<p style=\"text-align: justify;\"><strong>\u00a0<\/strong><\/p>\n<p>&nbsp;<\/p>\n<p>&nbsp;<\/p>\n","protected":false},"excerpt":{"rendered":"<p>La m\u00e9taphysique Enseignant : Vincent Renault, professeur agr\u00e9g\u00e9 de philosophie, enseignant en classes pr\u00e9paratoires aux Grandes Ecoles au Lyc\u00e9e Louis Barthou Semestre 1\/10 s\u00e9ances x 1h30 L\u2019actualit\u00e9 des \u00ab intelligences artificielles \u00bb nous interroge. Quelles activit\u00e9s tenons-nous \u00e0 exercer nous-m\u00eames? La philosophie, qui est le projet d\u2019une pens\u00e9e compl\u00e8tement assum\u00e9e,&#8230; <a href=\"https:\/\/utla.univ-pau.fr\/site\/?page_id=277\" class=\"readmore\">lire la suite\u2026<span class=\"screen-reader-text\">Intelligences artificielles<\/span><span class=\"fa fa-angle-double-right\" aria-hidden=\"true\"><\/span><\/a><\/p>\n","protected":false},"author":5,"featured_media":0,"parent":2489,"menu_order":1,"comment_status":"closed","ping_status":"closed","template":"template\/Pleine-largeur.php","meta":[],"acf":[],"_links":{"self":[{"href":"https:\/\/utla.univ-pau.fr\/site\/index.php?rest_route=\/wp\/v2\/pages\/277"}],"collection":[{"href":"https:\/\/utla.univ-pau.fr\/site\/index.php?rest_route=\/wp\/v2\/pages"}],"about":[{"href":"https:\/\/utla.univ-pau.fr\/site\/index.php?rest_route=\/wp\/v2\/types\/page"}],"author":[{"embeddable":true,"href":"https:\/\/utla.univ-pau.fr\/site\/index.php?rest_route=\/wp\/v2\/users\/5"}],"replies":[{"embeddable":true,"href":"https:\/\/utla.univ-pau.fr\/site\/index.php?rest_route=%2Fwp%2Fv2%2Fcomments&post=277"}],"version-history":[{"count":31,"href":"https:\/\/utla.univ-pau.fr\/site\/index.php?rest_route=\/wp\/v2\/pages\/277\/revisions"}],"predecessor-version":[{"id":7691,"href":"https:\/\/utla.univ-pau.fr\/site\/index.php?rest_route=\/wp\/v2\/pages\/277\/revisions\/7691"}],"up":[{"embeddable":true,"href":"https:\/\/utla.univ-pau.fr\/site\/index.php?rest_route=\/wp\/v2\/pages\/2489"}],"wp:attachment":[{"href":"https:\/\/utla.univ-pau.fr\/site\/index.php?rest_route=%2Fwp%2Fv2%2Fmedia&parent=277"}],"curies":[{"name":"wp","href":"https:\/\/api.w.org\/{rel}","templated":true}]}}