{"id":278,"date":"2020-07-27T14:32:38","date_gmt":"2020-07-27T12:32:38","guid":{"rendered":"http:\/\/utla.univ-pau.fr\/site\/?p=278"},"modified":"2025-07-25T11:18:19","modified_gmt":"2025-07-25T09:18:19","slug":"seminaires-de-psychanalyse","status":"publish","type":"page","link":"https:\/\/utla.univ-pau.fr\/site\/?page_id=278","title":{"rendered":"S\u00e9minaire de psychanalyse"},"content":{"rendered":"<p><strong>Enseignant : Dr Bernard NOMINE<\/strong>, ancien interne des h\u00f4pitaux psychiatriques, psychiatre, psychanalyste.<\/p>\n<p class=\"post_excerpt\"><strong>Semestre 1\/1 s\u00e9ance mensuelle de novembre \u00e0 janvier (soit 3 s\u00e9ances) x 1h30\u00a0<\/strong><\/p>\n<p>&nbsp;<\/p>\n<p><strong>L&rsquo;amour ? Le plus n\u00e9cessaire des leurres<\/strong><\/p>\n<p>Freud est parti de l&rsquo;id\u00e9e que la n\u00e9vrose \u00e9tait la cons\u00e9quence d&rsquo;un traumatisme infantile. Son exp\u00e9rience de la psychanalyse lui a appris que la sc\u00e8ne traumatique peut n&rsquo;\u00eatre qu&rsquo;imagin\u00e9e. Ce qui traumatise n&rsquo;est pas forc\u00e9ment r\u00e9el ; le langage et la signification qu&rsquo;il v\u00e9hicule participent au traumatisme?<\/p>\n<p>Par ailleurs, ledit traumatisme implique la notion de victime dont nos soci\u00e9t\u00e9s font grand cas. La psychanalyse ne suit pas cette tendance, elle a peu \u00e0 faire \u00e0 des victimes mais plut\u00f4t \u00e0 des sujets hant\u00e9s par la culpabilit\u00e9.<\/p>\n<p>&nbsp;<\/p>\n<p>&nbsp;<\/p>\n<p>&nbsp;<\/p>\n","protected":false},"excerpt":{"rendered":"<p>Enseignant : Dr Bernard NOMINE, ancien interne des h\u00f4pitaux psychiatriques, psychiatre, psychanalyste. Semestre 1\/1 s\u00e9ance mensuelle de novembre \u00e0 janvier (soit 3 s\u00e9ances) x 1h30\u00a0 &nbsp; L&rsquo;amour ? Le plus n\u00e9cessaire des leurres Freud est parti de l&rsquo;id\u00e9e que la n\u00e9vrose \u00e9tait la cons\u00e9quence d&rsquo;un traumatisme infantile. Son exp\u00e9rience de&#8230; <a href=\"https:\/\/utla.univ-pau.fr\/site\/?page_id=278\" class=\"readmore\">lire la suite\u2026<span class=\"screen-reader-text\">S\u00e9minaire de psychanalyse<\/span><span class=\"fa fa-angle-double-right\" aria-hidden=\"true\"><\/span><\/a><\/p>\n","protected":false},"author":5,"featured_media":0,"parent":2489,"menu_order":2,"comment_status":"closed","ping_status":"closed","template":"template\/Page-cours-pleine-largeur.php","meta":[],"acf":[],"_links":{"self":[{"href":"https:\/\/utla.univ-pau.fr\/site\/index.php?rest_route=\/wp\/v2\/pages\/278"}],"collection":[{"href":"https:\/\/utla.univ-pau.fr\/site\/index.php?rest_route=\/wp\/v2\/pages"}],"about":[{"href":"https:\/\/utla.univ-pau.fr\/site\/index.php?rest_route=\/wp\/v2\/types\/page"}],"author":[{"embeddable":true,"href":"https:\/\/utla.univ-pau.fr\/site\/index.php?rest_route=\/wp\/v2\/users\/5"}],"replies":[{"embeddable":true,"href":"https:\/\/utla.univ-pau.fr\/site\/index.php?rest_route=%2Fwp%2Fv2%2Fcomments&post=278"}],"version-history":[{"count":30,"href":"https:\/\/utla.univ-pau.fr\/site\/index.php?rest_route=\/wp\/v2\/pages\/278\/revisions"}],"predecessor-version":[{"id":7728,"href":"https:\/\/utla.univ-pau.fr\/site\/index.php?rest_route=\/wp\/v2\/pages\/278\/revisions\/7728"}],"up":[{"embeddable":true,"href":"https:\/\/utla.univ-pau.fr\/site\/index.php?rest_route=\/wp\/v2\/pages\/2489"}],"wp:attachment":[{"href":"https:\/\/utla.univ-pau.fr\/site\/index.php?rest_route=%2Fwp%2Fv2%2Fmedia&parent=278"}],"curies":[{"name":"wp","href":"https:\/\/api.w.org\/{rel}","templated":true}]}}