{"id":2870,"date":"2019-12-19T15:00:29","date_gmt":"2019-12-19T14:00:29","guid":{"rendered":"https:\/\/utla.univ-pau.fr\/site\/?page_id=2870"},"modified":"2026-04-08T15:01:28","modified_gmt":"2026-04-08T13:01:28","slug":"planning-des-activites-culturelles","status":"publish","type":"page","link":"https:\/\/utla.univ-pau.fr\/site\/?page_id=2870","title":{"rendered":"Planning des activit\u00e9s culturelles"},"content":{"rendered":"<p><strong>21 semaines de cours sur l&rsquo;ann\u00e9e<br \/>\n<\/strong><\/p>\n<p>L&rsquo;acc\u00e8s aux activit\u00e9s culturelles ne n\u00e9cessite aucune pr\u00e9-inscription en dehors des <a href=\"https:\/\/utla.univ-pau.fr\/site\/?page_id=5186\">ateliers \u00e0 effectifs limit\u00e9s<\/a>.<\/p>\n<p><a href=\"https:\/\/utla.univ-pau.fr\/site\/wp-content\/uploads\/2026\/04\/Planning-culturel-valable-a-compter-du-20-avril-2026.pdf\" class=\"mtli_attachment mtli_pdf\" data-mtli=\"mtli_filesize65,9kB\">Planning culturel valable \u00e0 compter du 20 avril 2026<\/a><\/p>\n<style type=\"text\/css\">a[data-mtli~=\"mtli_filesize65,9kB\"]:after {content:\" (65,9 kB)\"}<\/style>","protected":false},"excerpt":{"rendered":"<p>21 semaines de cours sur l&rsquo;ann\u00e9e L&rsquo;acc\u00e8s aux activit\u00e9s culturelles ne n\u00e9cessite aucune pr\u00e9-inscription en dehors des ateliers \u00e0 effectifs limit\u00e9s. Planning culturel valable \u00e0 compter du 20 avril 2026<\/p>\n","protected":false},"author":5,"featured_media":0,"parent":1096,"menu_order":3,"comment_status":"closed","ping_status":"closed","template":"template\/content-sidebar.php","meta":[],"acf":[],"_links":{"self":[{"href":"https:\/\/utla.univ-pau.fr\/site\/index.php?rest_route=\/wp\/v2\/pages\/2870"}],"collection":[{"href":"https:\/\/utla.univ-pau.fr\/site\/index.php?rest_route=\/wp\/v2\/pages"}],"about":[{"href":"https:\/\/utla.univ-pau.fr\/site\/index.php?rest_route=\/wp\/v2\/types\/page"}],"author":[{"embeddable":true,"href":"https:\/\/utla.univ-pau.fr\/site\/index.php?rest_route=\/wp\/v2\/users\/5"}],"replies":[{"embeddable":true,"href":"https:\/\/utla.univ-pau.fr\/site\/index.php?rest_route=%2Fwp%2Fv2%2Fcomments&post=2870"}],"version-history":[{"count":31,"href":"https:\/\/utla.univ-pau.fr\/site\/index.php?rest_route=\/wp\/v2\/pages\/2870\/revisions"}],"predecessor-version":[{"id":8159,"href":"https:\/\/utla.univ-pau.fr\/site\/index.php?rest_route=\/wp\/v2\/pages\/2870\/revisions\/8159"}],"up":[{"embeddable":true,"href":"https:\/\/utla.univ-pau.fr\/site\/index.php?rest_route=\/wp\/v2\/pages\/1096"}],"wp:attachment":[{"href":"https:\/\/utla.univ-pau.fr\/site\/index.php?rest_route=%2Fwp%2Fv2%2Fmedia&parent=2870"}],"curies":[{"name":"wp","href":"https:\/\/api.w.org\/{rel}","templated":true}]}}