{"id":320,"date":"2020-07-27T11:30:38","date_gmt":"2020-07-27T09:30:38","guid":{"rendered":"http:\/\/utla.univ-pau.fr\/site\/?p=320"},"modified":"2025-07-25T11:16:41","modified_gmt":"2025-07-25T09:16:41","slug":"iconographie-grandes-chroniques-france-moyen-age","status":"publish","type":"page","link":"https:\/\/utla.univ-pau.fr\/site\/?page_id=320","title":{"rendered":"Histoire du manuscrit occidental"},"content":{"rendered":"<p class=\"post_excerpt\">Enseignante : Fanny Caroff, Docteur en histoire m\u00e9di\u00e9vale, sp\u00e9cialiste d&rsquo;iconographie<\/p>\n<p class=\"post_excerpt\"><strong>Semestre 1\/12 cours x<\/strong><strong>1h30<br \/>\n<\/strong><\/p>\n<p>Pour cette saison, notre cycle abordera toute l&rsquo;histoire du manuscrit occidental \u00e0 l&rsquo;\u00e9poque m\u00e9di\u00e9vale. Forme, support; usage, mise en page, \u00e9criture, type de textes et de d\u00e9cors seront \u00e9tudi\u00e9s, depuis l&rsquo;\u00e9poque m\u00e9rovingienne jusqu&rsquo;aux d\u00e9buts de l&rsquo;imprimerie. Une attention particuli\u00e8re sera port\u00e9e \u00e0 l&rsquo;iconographie m\u00e9di\u00e9vale.<\/p>\n<p class=\"P1\" style=\"text-align: justify;\"><span style=\"font-size: 14.0pt; font-family: 'Arial','sans-serif';\">\u00a0<\/span><\/p>\n<p class=\"P1\" style=\"text-align: justify;\"><span style=\"font-size: 14.0pt;\">\u00a0<\/span><\/p>\n","protected":false},"excerpt":{"rendered":"<p>Enseignante : Fanny Caroff, Docteur en histoire m\u00e9di\u00e9vale, sp\u00e9cialiste d&rsquo;iconographie Semestre 1\/12 cours x1h30 Pour cette saison, notre cycle abordera toute l&rsquo;histoire du manuscrit occidental \u00e0 l&rsquo;\u00e9poque m\u00e9di\u00e9vale. Forme, support; usage, mise en page, \u00e9criture, type de textes et de d\u00e9cors seront \u00e9tudi\u00e9s, depuis l&rsquo;\u00e9poque m\u00e9rovingienne jusqu&rsquo;aux d\u00e9buts de l&rsquo;imprimerie&#8230;. <a href=\"https:\/\/utla.univ-pau.fr\/site\/?page_id=320\" class=\"readmore\">lire la suite\u2026<span class=\"screen-reader-text\">Histoire du manuscrit occidental<\/span><span class=\"fa fa-angle-double-right\" aria-hidden=\"true\"><\/span><\/a><\/p>\n","protected":false},"author":5,"featured_media":0,"parent":1009,"menu_order":1,"comment_status":"closed","ping_status":"closed","template":"template\/Page-cours-pleine-largeur.php","meta":[],"acf":[],"_links":{"self":[{"href":"https:\/\/utla.univ-pau.fr\/site\/index.php?rest_route=\/wp\/v2\/pages\/320"}],"collection":[{"href":"https:\/\/utla.univ-pau.fr\/site\/index.php?rest_route=\/wp\/v2\/pages"}],"about":[{"href":"https:\/\/utla.univ-pau.fr\/site\/index.php?rest_route=\/wp\/v2\/types\/page"}],"author":[{"embeddable":true,"href":"https:\/\/utla.univ-pau.fr\/site\/index.php?rest_route=\/wp\/v2\/users\/5"}],"replies":[{"embeddable":true,"href":"https:\/\/utla.univ-pau.fr\/site\/index.php?rest_route=%2Fwp%2Fv2%2Fcomments&post=320"}],"version-history":[{"count":25,"href":"https:\/\/utla.univ-pau.fr\/site\/index.php?rest_route=\/wp\/v2\/pages\/320\/revisions"}],"predecessor-version":[{"id":7722,"href":"https:\/\/utla.univ-pau.fr\/site\/index.php?rest_route=\/wp\/v2\/pages\/320\/revisions\/7722"}],"up":[{"embeddable":true,"href":"https:\/\/utla.univ-pau.fr\/site\/index.php?rest_route=\/wp\/v2\/pages\/1009"}],"wp:attachment":[{"href":"https:\/\/utla.univ-pau.fr\/site\/index.php?rest_route=%2Fwp%2Fv2%2Fmedia&parent=320"}],"curies":[{"name":"wp","href":"https:\/\/api.w.org\/{rel}","templated":true}]}}