{"id":3295,"date":"2020-07-27T14:51:02","date_gmt":"2020-07-27T12:51:02","guid":{"rendered":"https:\/\/utla.univ-pau.fr\/site\/?page_id=3295"},"modified":"2025-07-25T11:16:31","modified_gmt":"2025-07-25T09:16:31","slug":"civilisation-egypte-pharaonique","status":"publish","type":"page","link":"https:\/\/utla.univ-pau.fr\/site\/?page_id=3295","title":{"rendered":"Civilisation Egypte ancienne"},"content":{"rendered":"<p><strong>Enseignante : Am\u00e9lie Roptin-Neyron<\/strong>, master en Arch\u00e9ologie et en \u00c9gyptologie.<\/p>\n<p><strong>Semestre 1 ou 2 : 6 s\u00e9ances x 1h30<\/strong><\/p>\n<p><em><strong>L&rsquo;or de Toutankhamon<\/strong><\/em><\/p>\n<p>La d\u00e9couverte de son tombeau sur la rive ouest de Louxor, par Howard Carter, le 4 novembre 1922, a permis \u00e0 un jeune roi, du nom de Toutankhamon, de devenir le plus connu des pharaons.<\/p>\n<p style=\"text-align: justify;\">Son nom \u00e9voquait seulement pour les chercheurs de l\u2019\u00e9poque, un obscur roitelet, effac\u00e9 des listes royales par les ramessides et ayant r\u00e9gn\u00e9 \u00e0 une \u00e9poque tourment\u00e9e. N\u00e9anmoins, cette fin, de ce que les \u00e9gyptologues nomment la XVIIIe dynastie, est l\u2019une des p\u00e9riodes les plus int\u00e9ressantes de l\u2019histoire de l\u2019Egypte. Toutankhamon n\u2019est pas qu\u2019un tr\u00e9sor. C\u2019est un pharaon qui a v\u00e9cu, qui a r\u00e9gn\u00e9, engendr\u00e9, construit, prot\u00e9g\u00e9 son royaume. Depuis presque 100 ans, les d\u00e9couvertes arch\u00e9ologiques ont permis d\u2019\u00e9toffer son histoire, d\u2019avoir des renseignements sur la vie du jeune pharaon.<\/p>\n<p>&nbsp;<\/p>\n<p>&nbsp;<\/p>\n","protected":false},"excerpt":{"rendered":"<p>Enseignante : Am\u00e9lie Roptin-Neyron, master en Arch\u00e9ologie et en \u00c9gyptologie. Semestre 1 ou 2 : 6 s\u00e9ances x 1h30 L&rsquo;or de Toutankhamon La d\u00e9couverte de son tombeau sur la rive ouest de Louxor, par Howard Carter, le 4 novembre 1922, a permis \u00e0 un jeune roi, du nom de Toutankhamon,&#8230; <a href=\"https:\/\/utla.univ-pau.fr\/site\/?page_id=3295\" class=\"readmore\">lire la suite\u2026<span class=\"screen-reader-text\">Civilisation Egypte ancienne<\/span><span class=\"fa fa-angle-double-right\" aria-hidden=\"true\"><\/span><\/a><\/p>\n","protected":false},"author":5,"featured_media":0,"parent":1009,"menu_order":1,"comment_status":"closed","ping_status":"closed","template":"template\/Page-cours-pleine-largeur.php","meta":[],"acf":[],"_links":{"self":[{"href":"https:\/\/utla.univ-pau.fr\/site\/index.php?rest_route=\/wp\/v2\/pages\/3295"}],"collection":[{"href":"https:\/\/utla.univ-pau.fr\/site\/index.php?rest_route=\/wp\/v2\/pages"}],"about":[{"href":"https:\/\/utla.univ-pau.fr\/site\/index.php?rest_route=\/wp\/v2\/types\/page"}],"author":[{"embeddable":true,"href":"https:\/\/utla.univ-pau.fr\/site\/index.php?rest_route=\/wp\/v2\/users\/5"}],"replies":[{"embeddable":true,"href":"https:\/\/utla.univ-pau.fr\/site\/index.php?rest_route=%2Fwp%2Fv2%2Fcomments&post=3295"}],"version-history":[{"count":23,"href":"https:\/\/utla.univ-pau.fr\/site\/index.php?rest_route=\/wp\/v2\/pages\/3295\/revisions"}],"predecessor-version":[{"id":7680,"href":"https:\/\/utla.univ-pau.fr\/site\/index.php?rest_route=\/wp\/v2\/pages\/3295\/revisions\/7680"}],"up":[{"embeddable":true,"href":"https:\/\/utla.univ-pau.fr\/site\/index.php?rest_route=\/wp\/v2\/pages\/1009"}],"wp:attachment":[{"href":"https:\/\/utla.univ-pau.fr\/site\/index.php?rest_route=%2Fwp%2Fv2%2Fmedia&parent=3295"}],"curies":[{"name":"wp","href":"https:\/\/api.w.org\/{rel}","templated":true}]}}