{"id":351,"date":"2020-07-27T15:02:50","date_gmt":"2020-07-27T13:02:50","guid":{"rendered":"http:\/\/utla.univ-pau.fr\/site\/?p=351"},"modified":"2025-07-25T11:16:57","modified_gmt":"2025-07-25T09:16:57","slug":"geopolitique-geostrategie-relations-internationales","status":"publish","type":"page","link":"https:\/\/utla.univ-pau.fr\/site\/?page_id=351","title":{"rendered":"D\u2019une g\u00e9opolitique du chaos \u00e0 une g\u00e9opolitique transactionnelle"},"content":{"rendered":"<p class=\"post_excerpt\"><strong>Enseignant : Jean-Louis Marsaud<\/strong>, Expert Risque-Assurances, Docteur en droit international<\/p>\n<p class=\"post_excerpt\"><strong>Semestres 1\/12 s\u00e9ances x 1h30<br \/>\n<\/strong><\/p>\n<p>Le chaos des relations internationales n\u2019a fait que s\u2019amplifier ces derni\u00e8res ann\u00e9es, encore plus avec l\u2019\u00e9lection aux Etats-Unis de Monsieur Trump pour un second mandat.<\/p>\n<p>Avec cette g\u00e9n\u00e9ralisation du chaos, une nouvelle approche est apparue\u00a0: celle <strong>d\u2019une g\u00e9opolitique transactionnelle. <\/strong>En pratique, toutes les puissances h\u00e9g\u00e9moniques remettent en cause les r\u00e8gles internationales \u00e9tablies en ne consid\u00e9rant que leurs int\u00e9r\u00eats particuliers, qu\u2019ils soient strat\u00e9giques, \u00e9conomiques ou id\u00e9ologiques.<\/p>\n<p>Nous verrons donc \u00e0 travers divers exemples pris dans l\u2019actualit\u00e9, les cons\u00e9quences majeures de cette \u00e9volution sur l\u2019avenir des relations internationales et leur analyse.<\/p>\n<p>&nbsp;<\/p>\n<p><span class=\"WdYUQQ text-decoration-none text-strikethrough-none\">\u00a0<\/span><\/p>\n<p>&nbsp;<\/p>\n","protected":false},"excerpt":{"rendered":"<p>Enseignant : Jean-Louis Marsaud, Expert Risque-Assurances, Docteur en droit international Semestres 1\/12 s\u00e9ances x 1h30 Le chaos des relations internationales n\u2019a fait que s\u2019amplifier ces derni\u00e8res ann\u00e9es, encore plus avec l\u2019\u00e9lection aux Etats-Unis de Monsieur Trump pour un second mandat. Avec cette g\u00e9n\u00e9ralisation du chaos, une nouvelle approche est apparue\u00a0:&#8230; <a href=\"https:\/\/utla.univ-pau.fr\/site\/?page_id=351\" class=\"readmore\">lire la suite\u2026<span class=\"screen-reader-text\">D\u2019une g\u00e9opolitique du chaos \u00e0 une g\u00e9opolitique transactionnelle<\/span><span class=\"fa fa-angle-double-right\" aria-hidden=\"true\"><\/span><\/a><\/p>\n","protected":false},"author":5,"featured_media":0,"parent":1009,"menu_order":4,"comment_status":"closed","ping_status":"closed","template":"template\/Page-cours-pleine-largeur.php","meta":[],"acf":[],"_links":{"self":[{"href":"https:\/\/utla.univ-pau.fr\/site\/index.php?rest_route=\/wp\/v2\/pages\/351"}],"collection":[{"href":"https:\/\/utla.univ-pau.fr\/site\/index.php?rest_route=\/wp\/v2\/pages"}],"about":[{"href":"https:\/\/utla.univ-pau.fr\/site\/index.php?rest_route=\/wp\/v2\/types\/page"}],"author":[{"embeddable":true,"href":"https:\/\/utla.univ-pau.fr\/site\/index.php?rest_route=\/wp\/v2\/users\/5"}],"replies":[{"embeddable":true,"href":"https:\/\/utla.univ-pau.fr\/site\/index.php?rest_route=%2Fwp%2Fv2%2Fcomments&post=351"}],"version-history":[{"count":29,"href":"https:\/\/utla.univ-pau.fr\/site\/index.php?rest_route=\/wp\/v2\/pages\/351\/revisions"}],"predecessor-version":[{"id":7714,"href":"https:\/\/utla.univ-pau.fr\/site\/index.php?rest_route=\/wp\/v2\/pages\/351\/revisions\/7714"}],"up":[{"embeddable":true,"href":"https:\/\/utla.univ-pau.fr\/site\/index.php?rest_route=\/wp\/v2\/pages\/1009"}],"wp:attachment":[{"href":"https:\/\/utla.univ-pau.fr\/site\/index.php?rest_route=%2Fwp%2Fv2%2Fmedia&parent=351"}],"curies":[{"name":"wp","href":"https:\/\/api.w.org\/{rel}","templated":true}]}}