{"id":352,"date":"2020-07-27T14:47:56","date_gmt":"2020-07-27T12:47:56","guid":{"rendered":"http:\/\/utla.univ-pau.fr\/site\/?p=352"},"modified":"2025-07-25T11:15:59","modified_gmt":"2025-07-25T09:15:59","slug":"histoire-jazz","status":"publish","type":"page","link":"https:\/\/utla.univ-pau.fr\/site\/?page_id=352","title":{"rendered":"Les grands noms du jazz (saison 2)"},"content":{"rendered":"<p><strong>Enseignant : M. Pierre-Henri Ardonceau (b\u00e9n\u00e9vole) <\/strong>membre de l\u2019Acad\u00e9mie du Jazz et de la r\u00e9daction de la revue\u00a0 Jazz Magazine\/Ma\u00eetre de conf\u00e9rences honoraire de l&rsquo;UPPA<\/p>\n<p class=\"post_excerpt\"><strong>21 s\u00e9ances x 1h30 hebdo\/cours annuel<\/strong><\/p>\n<p>&nbsp;<\/p>\n<p>Portraits en son et en images (photos et vid\u00e9os) de 20 grans noms du jazz du XXe si\u00e8ckle ; de Louis Amstrong \u00e0 ray Charles !<\/p>\n<p>&nbsp;<\/p>\n<p>&nbsp;<\/p>\n","protected":false},"excerpt":{"rendered":"<p>Enseignant : M. Pierre-Henri Ardonceau (b\u00e9n\u00e9vole) membre de l\u2019Acad\u00e9mie du Jazz et de la r\u00e9daction de la revue\u00a0 Jazz Magazine\/Ma\u00eetre de conf\u00e9rences honoraire de l&rsquo;UPPA 21 s\u00e9ances x 1h30 hebdo\/cours annuel &nbsp; Portraits en son et en images (photos et vid\u00e9os) de 20 grans noms du jazz du XXe si\u00e8ckle&#8230; <a href=\"https:\/\/utla.univ-pau.fr\/site\/?page_id=352\" class=\"readmore\">lire la suite\u2026<span class=\"screen-reader-text\">Les grands noms du jazz (saison 2)<\/span><span class=\"fa fa-angle-double-right\" aria-hidden=\"true\"><\/span><\/a><\/p>\n","protected":false},"author":5,"featured_media":0,"parent":1019,"menu_order":2,"comment_status":"closed","ping_status":"closed","template":"template\/Page-cours-pleine-largeur.php","meta":[],"acf":[],"_links":{"self":[{"href":"https:\/\/utla.univ-pau.fr\/site\/index.php?rest_route=\/wp\/v2\/pages\/352"}],"collection":[{"href":"https:\/\/utla.univ-pau.fr\/site\/index.php?rest_route=\/wp\/v2\/pages"}],"about":[{"href":"https:\/\/utla.univ-pau.fr\/site\/index.php?rest_route=\/wp\/v2\/types\/page"}],"author":[{"embeddable":true,"href":"https:\/\/utla.univ-pau.fr\/site\/index.php?rest_route=\/wp\/v2\/users\/5"}],"replies":[{"embeddable":true,"href":"https:\/\/utla.univ-pau.fr\/site\/index.php?rest_route=%2Fwp%2Fv2%2Fcomments&post=352"}],"version-history":[{"count":27,"href":"https:\/\/utla.univ-pau.fr\/site\/index.php?rest_route=\/wp\/v2\/pages\/352\/revisions"}],"predecessor-version":[{"id":7683,"href":"https:\/\/utla.univ-pau.fr\/site\/index.php?rest_route=\/wp\/v2\/pages\/352\/revisions\/7683"}],"up":[{"embeddable":true,"href":"https:\/\/utla.univ-pau.fr\/site\/index.php?rest_route=\/wp\/v2\/pages\/1019"}],"wp:attachment":[{"href":"https:\/\/utla.univ-pau.fr\/site\/index.php?rest_route=%2Fwp%2Fv2%2Fmedia&parent=352"}],"curies":[{"name":"wp","href":"https:\/\/api.w.org\/{rel}","templated":true}]}}