{"id":3791,"date":"2020-01-24T21:33:28","date_gmt":"2020-01-24T20:33:28","guid":{"rendered":"https:\/\/utla.univ-pau.fr\/site\/?page_id=3791"},"modified":"2025-12-20T01:47:14","modified_gmt":"2025-12-20T00:47:14","slug":"mentions-legales","status":"publish","type":"page","link":"https:\/\/utla.univ-pau.fr\/site\/?page_id=3791","title":{"rendered":"Mentions l\u00e9gales"},"content":{"rendered":"<div class=\"page\" title=\"Page 41\">\n<div class=\"layoutArea\">\n<div class=\"column\">\n<p>Raison sociale ou de\u0301nomination sociale : Universit\u00e9 du Temps Libre d&rsquo;Aquitaine &#8211; Pau<\/p>\n<p>Forme juridique : association de loi 1901<\/p>\n<p>Adresse de l\u2019e\u0301tablissement \/ Sie\u0300ge social :<\/p>\n<p style=\"padding-left: 40px;\">UTLA-Pau<br \/>\nCampus universitaire<br \/>\nColl\u00e8ge SSH \u2013 B\u00e2timent Lettres<br \/>\nBP 1160<br \/>\n64013 PAU CEDEX<\/p>\n<p>Capital social : sans objet<\/p>\n<p>Adresse e\u0301lectronique : &#x73;&#x65;&#x63;&#x72;&#x65;&#x74;&#x61;&#x72;&#x69;&#x61;&#x74;&#64;&#117;&#116;&#108;&#97;&#45;&#112;au&#46;fr<\/p>\n<p>Nume\u0301ro de te\u0301le\u0301phone : 05 59 30 45 07<\/p>\n<p>Coordonne\u0301es de l\u2019e\u0301diteur du site : idem si\u00e8ge social<\/p>\n<p>Non assujetti a\u0300 la TVA.<\/p>\n<p>Activit\u00e9 soumise \u00e0 autorisation :<\/p>\n<ul>\n<li>D\u00e9clar\u00e9e en Pr\u00e9fecture des Pyr\u00e9n\u00e9es-Atlantiques le 16 janvier 2001 (<a href=\"https:\/\/www.journal-officiel.gouv.fr\/associations\/detail-annonce\/associations_b_archive\/20010005\/1231\" target=\"_blank\" rel=\"noopener noreferrer\">lien<\/a>).<\/li>\n<li>Num\u00e9ro d&rsquo;autorisation pr\u00e9fecture : \u00e0 compl\u00e9ter<\/li>\n<li>Agr\u00e9ment Jeunesse et \u00c9ducation Populaire n\u00b064.07.07<\/li>\n<\/ul>\n<p>Lorsqu\u2019un prix est mentionne\u0301 : les taxes et les frais de livraison sont inclus.<\/p>\n<p>Nom du directeur de la publication\/responsable de la re\u0301daction : le Pr\u00e9sident actuel de l&rsquo;association, Yves HERVOU\u00cbT<\/p>\n<p>Coordonne\u0301es de l\u2019he\u0301bergeur du site : Universit\u00e9 de Pau et des Pays de l&rsquo;Adour, avenue de l&rsquo;universit\u00e9, 64000 Pau.<\/p>\n<\/div>\n<\/div>\n<\/div>\n","protected":false},"excerpt":{"rendered":"<p>Raison sociale ou de\u0301nomination sociale : Universit\u00e9 du Temps Libre d&rsquo;Aquitaine &#8211; Pau Forme juridique : association de loi 1901 Adresse de l\u2019e\u0301tablissement \/ Sie\u0300ge social : UTLA-Pau Campus universitaire Coll\u00e8ge SSH \u2013 B\u00e2timent Lettres BP 1160 64013 PAU CEDEX Capital social : sans objet Adresse e\u0301lectronique : &#115;&#x65;c&#114;&#x65;t&#97;&#x72;i&#x61;&#x74;&#64;&#x75;t&#108;&#x61;-&#112;&#x61;u&#x2e;&#x66;&#114; Nume\u0301ro&#8230; <a href=\"https:\/\/utla.univ-pau.fr\/site\/?page_id=3791\" class=\"readmore\">lire la suite\u2026<span class=\"screen-reader-text\">Mentions l\u00e9gales<\/span><span class=\"fa fa-angle-double-right\" aria-hidden=\"true\"><\/span><\/a><\/p>\n","protected":false},"author":1,"featured_media":0,"parent":709,"menu_order":11,"comment_status":"closed","ping_status":"closed","template":"template\/Pleine-largeur.php","meta":[],"acf":[],"_links":{"self":[{"href":"https:\/\/utla.univ-pau.fr\/site\/index.php?rest_route=\/wp\/v2\/pages\/3791"}],"collection":[{"href":"https:\/\/utla.univ-pau.fr\/site\/index.php?rest_route=\/wp\/v2\/pages"}],"about":[{"href":"https:\/\/utla.univ-pau.fr\/site\/index.php?rest_route=\/wp\/v2\/types\/page"}],"author":[{"embeddable":true,"href":"https:\/\/utla.univ-pau.fr\/site\/index.php?rest_route=\/wp\/v2\/users\/1"}],"replies":[{"embeddable":true,"href":"https:\/\/utla.univ-pau.fr\/site\/index.php?rest_route=%2Fwp%2Fv2%2Fcomments&post=3791"}],"version-history":[{"count":8,"href":"https:\/\/utla.univ-pau.fr\/site\/index.php?rest_route=\/wp\/v2\/pages\/3791\/revisions"}],"predecessor-version":[{"id":8045,"href":"https:\/\/utla.univ-pau.fr\/site\/index.php?rest_route=\/wp\/v2\/pages\/3791\/revisions\/8045"}],"up":[{"embeddable":true,"href":"https:\/\/utla.univ-pau.fr\/site\/index.php?rest_route=\/wp\/v2\/pages\/709"}],"wp:attachment":[{"href":"https:\/\/utla.univ-pau.fr\/site\/index.php?rest_route=%2Fwp%2Fv2%2Fmedia&parent=3791"}],"curies":[{"name":"wp","href":"https:\/\/api.w.org\/{rel}","templated":true}]}}