{"id":4724,"date":"2021-10-25T11:22:10","date_gmt":"2021-10-25T09:22:10","guid":{"rendered":"https:\/\/utla.univ-pau.fr\/site\/?page_id=4724"},"modified":"2025-07-25T11:12:54","modified_gmt":"2025-07-25T09:12:54","slug":"atelier-memoire","status":"publish","type":"page","link":"https:\/\/utla.univ-pau.fr\/site\/?page_id=4724","title":{"rendered":"Atelier remue-m\u00e9ninges"},"content":{"rendered":"<p><strong>Enseignant : Jacques MUR<\/strong>, docteur en sciences des mat\u00e9riaux. <strong>B\u00e9n\u00e9vole<\/strong><\/p>\n<p><strong>Semestres 1 \/10 s\u00e9ances x 1h30<\/strong><\/p>\n<p>&nbsp;<\/p>\n<p><strong>Balades dans nos paysages c\u00e9r\u00e9braux<\/strong><\/p>\n<p style=\"text-align: justify;\">Imaginons notre cerveau comme un montagne avec des for\u00eats, des lacs, des ruisseaux, des sentiers plus ou moins d\u00e9gag\u00e9s.\u00a0 Une montagne vivante\u00a0! Elle h\u00e9rite d\u2019un pass\u00e9, et essaye de vivre au mieux son pr\u00e9sent en symbiose.\u00a0 Je vous propose une dizaine de balades. Dans chaque balade, des explications \u00e0 plusieurs niveaux, du vocabulaire, des m\u00e9taphores pour mieux appr\u00e9hender ce merveilleux outil que nous avons. Il y aura aussi des interludes, des jeux pour remuer nos m\u00e9ninges, de l\u2019humour.<\/p>\n<p style=\"text-align: justify;\">Chaque balade aborde un aspect de nos cerveaux. Par exemple les sens. Premiers acteurs de notre cin\u00e9ma int\u00e9rieur, ils fa\u00e7onnent notre perception selon ce que notre cerveau choisit de recevoir. Dans une autre balade nous irons fouiller nos origines, lointaines et proches. D\u2019autres balades suivront.<\/p>\n<p style=\"text-align: justify;\">En comprenant comment fonctionnent nos cerveaux, nous \u00e9clairerons un petit peu les sentiers de nos vies. Vaste programme\u2026<\/p>\n<p>&nbsp;<\/p>\n<p>&nbsp;<\/p>\n<p>&nbsp;<\/p>\n<p>&nbsp;<\/p>\n<p>&nbsp;<\/p>\n<p>&nbsp;<\/p>\n","protected":false},"excerpt":{"rendered":"<p>Enseignant : Jacques MUR, docteur en sciences des mat\u00e9riaux. B\u00e9n\u00e9vole Semestres 1 \/10 s\u00e9ances x 1h30 &nbsp; Balades dans nos paysages c\u00e9r\u00e9braux Imaginons notre cerveau comme un montagne avec des for\u00eats, des lacs, des ruisseaux, des sentiers plus ou moins d\u00e9gag\u00e9s.\u00a0 Une montagne vivante\u00a0! Elle h\u00e9rite d\u2019un pass\u00e9, et essaye&#8230; <a href=\"https:\/\/utla.univ-pau.fr\/site\/?page_id=4724\" class=\"readmore\">lire la suite\u2026<span class=\"screen-reader-text\">Atelier remue-m\u00e9ninges<\/span><span class=\"fa fa-angle-double-right\" aria-hidden=\"true\"><\/span><\/a><\/p>\n","protected":false},"author":5,"featured_media":0,"parent":5186,"menu_order":4,"comment_status":"closed","ping_status":"closed","template":"template\/Page-cours-pleine-largeur.php","meta":[],"acf":[],"_links":{"self":[{"href":"https:\/\/utla.univ-pau.fr\/site\/index.php?rest_route=\/wp\/v2\/pages\/4724"}],"collection":[{"href":"https:\/\/utla.univ-pau.fr\/site\/index.php?rest_route=\/wp\/v2\/pages"}],"about":[{"href":"https:\/\/utla.univ-pau.fr\/site\/index.php?rest_route=\/wp\/v2\/types\/page"}],"author":[{"embeddable":true,"href":"https:\/\/utla.univ-pau.fr\/site\/index.php?rest_route=\/wp\/v2\/users\/5"}],"replies":[{"embeddable":true,"href":"https:\/\/utla.univ-pau.fr\/site\/index.php?rest_route=%2Fwp%2Fv2%2Fcomments&post=4724"}],"version-history":[{"count":21,"href":"https:\/\/utla.univ-pau.fr\/site\/index.php?rest_route=\/wp\/v2\/pages\/4724\/revisions"}],"predecessor-version":[{"id":7695,"href":"https:\/\/utla.univ-pau.fr\/site\/index.php?rest_route=\/wp\/v2\/pages\/4724\/revisions\/7695"}],"up":[{"embeddable":true,"href":"https:\/\/utla.univ-pau.fr\/site\/index.php?rest_route=\/wp\/v2\/pages\/5186"}],"wp:attachment":[{"href":"https:\/\/utla.univ-pau.fr\/site\/index.php?rest_route=%2Fwp%2Fv2%2Fmedia&parent=4724"}],"curies":[{"name":"wp","href":"https:\/\/api.w.org\/{rel}","templated":true}]}}