{"id":5179,"date":"2022-07-20T09:55:37","date_gmt":"2022-07-20T07:55:37","guid":{"rendered":"https:\/\/utla.univ-pau.fr\/site\/?page_id=5179"},"modified":"2025-07-25T11:14:29","modified_gmt":"2025-07-25T09:14:29","slug":"histoire-antique","status":"publish","type":"page","link":"https:\/\/utla.univ-pau.fr\/site\/?page_id=5179","title":{"rendered":"Arch\u00e9ologie et histoire antique"},"content":{"rendered":"<p><strong>Enseignante : Am\u00e9lie Roptin-Neyron<\/strong>, master en \u00e9gyptologie et en arch\u00e9ologie.<\/p>\n<p><strong>Semestre 1\/6<\/strong><strong> s\u00e9ances x 1h30\u00a0<\/strong><\/p>\n<p>A travers l\u2019\u00e9tude des productions artistiques et des d\u00e9couvertes arch\u00e9ologiques, nous partirons \u00e0 la rencontre de civilisations disparues ou de personnages embl\u00e9matiques.<\/p>\n<ul>\n<li>Alexandrie, perle de la Mediterran\u00e9e<\/li>\n<li>Les Animaux Fantastiques<\/li>\n<li>Mes m\u00e9galithes bretons<\/li>\n<li>L\u2019Epop\u00e9e de Gilgamesh<\/li>\n<li>Les Invasions Barbares : mythe ou r\u00e9alit\u00e9 ?<\/li>\n<li>Le Sexe en Gr\u00e8ce antique : plaisirs et normes<\/li>\n<li>Achille et la Guerre de Troie<\/li>\n<li>La colonisation grecque : Magna graecia<\/li>\n<li>Royal ou populaire, le sport en Egypte Ancienne<\/li>\n<li>Les Religions \u00e0 Myst\u00e8res<\/li>\n<\/ul>\n<p>&nbsp;<\/p>\n<p>&nbsp;<\/p>\n<p>&nbsp;<\/p>\n<p>&nbsp;<\/p>\n<p>&nbsp;<\/p>\n","protected":false},"excerpt":{"rendered":"<p>Enseignante : Am\u00e9lie Roptin-Neyron, master en \u00e9gyptologie et en arch\u00e9ologie. Semestre 1\/6 s\u00e9ances x 1h30\u00a0 A travers l\u2019\u00e9tude des productions artistiques et des d\u00e9couvertes arch\u00e9ologiques, nous partirons \u00e0 la rencontre de civilisations disparues ou de personnages embl\u00e9matiques. Alexandrie, perle de la Mediterran\u00e9e Les Animaux Fantastiques Mes m\u00e9galithes bretons L\u2019Epop\u00e9e de&#8230; <a href=\"https:\/\/utla.univ-pau.fr\/site\/?page_id=5179\" class=\"readmore\">lire la suite\u2026<span class=\"screen-reader-text\">Arch\u00e9ologie et histoire antique<\/span><span class=\"fa fa-angle-double-right\" aria-hidden=\"true\"><\/span><\/a><\/p>\n","protected":false},"author":5,"featured_media":0,"parent":5191,"menu_order":2,"comment_status":"closed","ping_status":"closed","template":"template\/Page-cours-pleine-largeur.php","meta":[],"acf":[],"_links":{"self":[{"href":"https:\/\/utla.univ-pau.fr\/site\/index.php?rest_route=\/wp\/v2\/pages\/5179"}],"collection":[{"href":"https:\/\/utla.univ-pau.fr\/site\/index.php?rest_route=\/wp\/v2\/pages"}],"about":[{"href":"https:\/\/utla.univ-pau.fr\/site\/index.php?rest_route=\/wp\/v2\/types\/page"}],"author":[{"embeddable":true,"href":"https:\/\/utla.univ-pau.fr\/site\/index.php?rest_route=\/wp\/v2\/users\/5"}],"replies":[{"embeddable":true,"href":"https:\/\/utla.univ-pau.fr\/site\/index.php?rest_route=%2Fwp%2Fv2%2Fcomments&post=5179"}],"version-history":[{"count":15,"href":"https:\/\/utla.univ-pau.fr\/site\/index.php?rest_route=\/wp\/v2\/pages\/5179\/revisions"}],"predecessor-version":[{"id":7700,"href":"https:\/\/utla.univ-pau.fr\/site\/index.php?rest_route=\/wp\/v2\/pages\/5179\/revisions\/7700"}],"up":[{"embeddable":true,"href":"https:\/\/utla.univ-pau.fr\/site\/index.php?rest_route=\/wp\/v2\/pages\/5191"}],"wp:attachment":[{"href":"https:\/\/utla.univ-pau.fr\/site\/index.php?rest_route=%2Fwp%2Fv2%2Fmedia&parent=5179"}],"curies":[{"name":"wp","href":"https:\/\/api.w.org\/{rel}","templated":true}]}}