{"id":5195,"date":"2022-07-21T14:31:17","date_gmt":"2022-07-21T12:31:17","guid":{"rendered":"https:\/\/utla.univ-pau.fr\/site\/?page_id=5195"},"modified":"2025-07-25T11:14:19","modified_gmt":"2025-07-25T09:14:19","slug":"architecture-europe","status":"publish","type":"page","link":"https:\/\/utla.univ-pau.fr\/site\/?page_id=5195","title":{"rendered":"Architecture"},"content":{"rendered":"<p><strong>Enseignant : Christian Bouch\u00e9<\/strong>, Architecte du patrimoine<\/p>\n<p><strong>Semestre 1 \/8 s\u00e9ances x 1h30<\/strong><\/p>\n<p>&nbsp;<\/p>\n<p><strong>Couleurs et lumi\u00e8res, le vitrail&#8230;<\/strong><\/p>\n<p>Un parcours dans l&rsquo;histoire du verre en architecture, avec une attention particuli\u00e8re port\u00e9e aux XXe et XXIe si\u00e8cles.<\/p>\n<p>&nbsp;<\/p>\n<p>&nbsp;<\/p>\n","protected":false},"excerpt":{"rendered":"<p>Enseignant : Christian Bouch\u00e9, Architecte du patrimoine Semestre 1 \/8 s\u00e9ances x 1h30 &nbsp; Couleurs et lumi\u00e8res, le vitrail&#8230; Un parcours dans l&rsquo;histoire du verre en architecture, avec une attention particuli\u00e8re port\u00e9e aux XXe et XXIe si\u00e8cles. &nbsp; &nbsp;<\/p>\n","protected":false},"author":5,"featured_media":0,"parent":5191,"menu_order":0,"comment_status":"closed","ping_status":"closed","template":"template\/Page-cours-pleine-largeur.php","meta":[],"acf":[],"_links":{"self":[{"href":"https:\/\/utla.univ-pau.fr\/site\/index.php?rest_route=\/wp\/v2\/pages\/5195"}],"collection":[{"href":"https:\/\/utla.univ-pau.fr\/site\/index.php?rest_route=\/wp\/v2\/pages"}],"about":[{"href":"https:\/\/utla.univ-pau.fr\/site\/index.php?rest_route=\/wp\/v2\/types\/page"}],"author":[{"embeddable":true,"href":"https:\/\/utla.univ-pau.fr\/site\/index.php?rest_route=\/wp\/v2\/users\/5"}],"replies":[{"embeddable":true,"href":"https:\/\/utla.univ-pau.fr\/site\/index.php?rest_route=%2Fwp%2Fv2%2Fcomments&post=5195"}],"version-history":[{"count":14,"href":"https:\/\/utla.univ-pau.fr\/site\/index.php?rest_route=\/wp\/v2\/pages\/5195\/revisions"}],"predecessor-version":[{"id":7701,"href":"https:\/\/utla.univ-pau.fr\/site\/index.php?rest_route=\/wp\/v2\/pages\/5195\/revisions\/7701"}],"up":[{"embeddable":true,"href":"https:\/\/utla.univ-pau.fr\/site\/index.php?rest_route=\/wp\/v2\/pages\/5191"}],"wp:attachment":[{"href":"https:\/\/utla.univ-pau.fr\/site\/index.php?rest_route=%2Fwp%2Fv2%2Fmedia&parent=5195"}],"curies":[{"name":"wp","href":"https:\/\/api.w.org\/{rel}","templated":true}]}}