{"id":5217,"date":"2022-07-25T14:51:13","date_gmt":"2022-07-25T12:51:13","guid":{"rendered":"https:\/\/utla.univ-pau.fr\/site\/?page_id=5217"},"modified":"2025-07-25T11:12:08","modified_gmt":"2025-07-25T09:12:08","slug":"atelier-geologie","status":"publish","type":"page","link":"https:\/\/utla.univ-pau.fr\/site\/?page_id=5217","title":{"rendered":"Atelier g\u00e9ologie"},"content":{"rendered":"<p>Enseignant : Yves Hervouet<strong> (b\u00e9n\u00e9vole)<\/strong>, professeur des universit\u00e9s \u00e0 la retraite, sp\u00e9cialiste des sciences de la terre.<\/p>\n<p style=\"text-align: justify;\">Par leur lecture, vous faire appr\u00e9cier \u00e0 leur juste valeur, les magnifiques paysages pyr\u00e9n\u00e9ens\u00a0en y ajoutant leur histoire. Nous voyagerons dans le temps et dans l&rsquo;espace. en partant de 70\u00b0S il y a 500 Ma pour arriver \u00e0 42\u00b0N aujourd&rsquo;hui. Nous affronterons 3 glaciations et verrons se former 2 cha\u00eenes de montagnes. Cette ann\u00e9e une attention particuli\u00e8re sera port\u00e9e aux terrains anciens formant les hauts sommets pyr\u00e9n\u00e9ens (Barroude, Gavarnie, Pourtalet, Vertice d&rsquo;Anayet&#8230;)<\/p>\n<p style=\"text-align: justify;\"><em>Organisation<\/em><\/p>\n<p style=\"text-align: justify;\">Pour ce grand voyage, 4 jours de randonn\u00e9es sont propos\u00e9es au printemps 2026. Chaque randonn\u00e9e est pr\u00e9c\u00e9d\u00e9e, la veille de la sortie, d&rsquo;une pr\u00e9sentation en salle (1h30) ouverte \u00e0 tous les adh\u00e9rent.e.s. Ces pr\u00e9sentations sont des rappels des principes fondamentaux de la g\u00e9ologie adapt\u00e9s \u00e0 la sortie du lendemain : le temps, les diff\u00e9rents types de roches, le mouvement des plaques, les changements climatiques\u2026<\/p>\n<p style=\"text-align: justify;\">L&rsquo;atelier se d\u00e9roulera au 2e semestre, entre mars et juin.<\/p>\n<p style=\"text-align: justify;\">Les lieux et les dates de randonn\u00e9es d\u00e9pendent de l&rsquo;enneigement printanier. Elles n\u00e9cessitent une bonne forme physique (certificat m\u00e9dical), le d\u00e9nivel\u00e9 positif pouvant d\u00e9passer 700 m dans la journ\u00e9e.<\/p>\n<p style=\"text-align: justify;\">Si les pr\u00e9sentations en salle sont ouvertes \u00e0 tous les membres de l&rsquo;UTLA-Pau, les sorties terrains sont limit\u00e9es \u00e0 20 personnes Le calendrier pr\u00e9cis est communiqu\u00e9 en janvier ainsi que la marche \u00e0 suivre pour s&rsquo;inscrire.<\/p>\n<p>&nbsp;<\/p>\n<p>&nbsp;<\/p>\n<p>&nbsp;<\/p>\n","protected":false},"excerpt":{"rendered":"<p>Enseignant : Yves Hervouet (b\u00e9n\u00e9vole), professeur des universit\u00e9s \u00e0 la retraite, sp\u00e9cialiste des sciences de la terre. Par leur lecture, vous faire appr\u00e9cier \u00e0 leur juste valeur, les magnifiques paysages pyr\u00e9n\u00e9ens\u00a0en y ajoutant leur histoire. Nous voyagerons dans le temps et dans l&rsquo;espace. en partant de 70\u00b0S il y a&#8230; <a href=\"https:\/\/utla.univ-pau.fr\/site\/?page_id=5217\" class=\"readmore\">lire la suite\u2026<span class=\"screen-reader-text\">Atelier g\u00e9ologie<\/span><span class=\"fa fa-angle-double-right\" aria-hidden=\"true\"><\/span><\/a><\/p>\n","protected":false},"author":5,"featured_media":0,"parent":5186,"menu_order":0,"comment_status":"closed","ping_status":"closed","template":"template\/Page-cours-pleine-largeur.php","meta":[],"acf":[],"_links":{"self":[{"href":"https:\/\/utla.univ-pau.fr\/site\/index.php?rest_route=\/wp\/v2\/pages\/5217"}],"collection":[{"href":"https:\/\/utla.univ-pau.fr\/site\/index.php?rest_route=\/wp\/v2\/pages"}],"about":[{"href":"https:\/\/utla.univ-pau.fr\/site\/index.php?rest_route=\/wp\/v2\/types\/page"}],"author":[{"embeddable":true,"href":"https:\/\/utla.univ-pau.fr\/site\/index.php?rest_route=\/wp\/v2\/users\/5"}],"replies":[{"embeddable":true,"href":"https:\/\/utla.univ-pau.fr\/site\/index.php?rest_route=%2Fwp%2Fv2%2Fcomments&post=5217"}],"version-history":[{"count":15,"href":"https:\/\/utla.univ-pau.fr\/site\/index.php?rest_route=\/wp\/v2\/pages\/5217\/revisions"}],"predecessor-version":[{"id":7718,"href":"https:\/\/utla.univ-pau.fr\/site\/index.php?rest_route=\/wp\/v2\/pages\/5217\/revisions\/7718"}],"up":[{"embeddable":true,"href":"https:\/\/utla.univ-pau.fr\/site\/index.php?rest_route=\/wp\/v2\/pages\/5186"}],"wp:attachment":[{"href":"https:\/\/utla.univ-pau.fr\/site\/index.php?rest_route=%2Fwp%2Fv2%2Fmedia&parent=5217"}],"curies":[{"name":"wp","href":"https:\/\/api.w.org\/{rel}","templated":true}]}}