{"id":6200,"date":"2023-07-27T10:37:00","date_gmt":"2023-07-27T08:37:00","guid":{"rendered":"https:\/\/utla.univ-pau.fr\/site\/?page_id=6200"},"modified":"2025-07-25T11:12:01","modified_gmt":"2025-07-25T09:12:01","slug":"atelier-pratiques-plastiques-techniques-fondamentales-dessin-peinture","status":"publish","type":"page","link":"https:\/\/utla.univ-pau.fr\/site\/?page_id=6200","title":{"rendered":"Atelier de dessin (tous niveaux)"},"content":{"rendered":"<p><strong>Enseignante : <\/strong><strong>Anna Sieradzka-Kubacka<\/strong>, artiste plasticienne dipl\u00f4m\u00e9e de la Facult\u00e9 de Peinture de l\u2019Acad\u00e9mie des Beaux-Arts de Varsovie, docteure en arts visuels de l\u2019Acad\u00e9mie des Beaux-Arts de Cracovie et docteure en philosophie de l\u2019Universit\u00e9 de Varsovie.<\/p>\n<p><strong>Semestre 1\/6 s\u00e9ances x 2h\u00a0<\/strong><\/p>\n<p>Ce cours s&rsquo;adresse \u00e0 toute personne souhaitant explorer ou approfondir les bases du dessin. A travers une vari\u00e9t\u00e9 de techniques (encre, crayon, fusain, pastel sec), les participants apprendront \u00e0 observer, composer et exprimer des formes avec sensibilit\u00e9. Le programme comprend l&rsquo;\u00e9tude du paysage, du portrait et de la silhouette humaine, avec une attention particuli\u00e8re port\u00e9e aux proportions, au contraste et \u00e0 l&rsquo;expressivit\u00e9.<\/p>\n<p>Programme :<\/p>\n<ol>\n<li>Dessin \u00e0 l&rsquo;encre : travail du contraste dans la composition &#8211; paysage \u00e0 l&rsquo;encre.<\/li>\n<li>Technique au crayon : dessin avec estompe et gomme &#8211; r\u00e9alisation d&rsquo;un oeil.<\/li>\n<li>\u00c9tude de la silhouette (1) : exercices d&rsquo;introduction &#8211; croquis de diff\u00e9rentes parties du corps.<\/li>\n<li>Portrait : r\u00e9alisation au crayon ou au pastel sec.<\/li>\n<li>\u00c9tude de la silhouette (2) : recherche des proportions justes.<\/li>\n<li>Silhouette expressive : dessin au fusain, crayon ou encre &#8211; expression du mouvement et du caract\u00e8re.<\/li>\n<\/ol>\n<p>Atelier limit\u00e9 \u00e0 20 personnes<\/p>\n<blockquote><p><strong>Inscription \u00e0 partir du vendredi 24\/10 \u00e0 compter de 9h30<\/strong><\/p><\/blockquote>\n","protected":false},"excerpt":{"rendered":"<p>Enseignante : Anna Sieradzka-Kubacka, artiste plasticienne dipl\u00f4m\u00e9e de la Facult\u00e9 de Peinture de l\u2019Acad\u00e9mie des Beaux-Arts de Varsovie, docteure en arts visuels de l\u2019Acad\u00e9mie des Beaux-Arts de Cracovie et docteure en philosophie de l\u2019Universit\u00e9 de Varsovie. Semestre 1\/6 s\u00e9ances x 2h\u00a0 Ce cours s&rsquo;adresse \u00e0 toute personne souhaitant explorer ou&#8230; <a href=\"https:\/\/utla.univ-pau.fr\/site\/?page_id=6200\" class=\"readmore\">lire la suite\u2026<span class=\"screen-reader-text\">Atelier de dessin (tous niveaux)<\/span><span class=\"fa fa-angle-double-right\" aria-hidden=\"true\"><\/span><\/a><\/p>\n","protected":false},"author":5,"featured_media":0,"parent":5186,"menu_order":0,"comment_status":"closed","ping_status":"closed","template":"template\/Page-cours-pleine-largeur.php","meta":[],"acf":[],"_links":{"self":[{"href":"https:\/\/utla.univ-pau.fr\/site\/index.php?rest_route=\/wp\/v2\/pages\/6200"}],"collection":[{"href":"https:\/\/utla.univ-pau.fr\/site\/index.php?rest_route=\/wp\/v2\/pages"}],"about":[{"href":"https:\/\/utla.univ-pau.fr\/site\/index.php?rest_route=\/wp\/v2\/types\/page"}],"author":[{"embeddable":true,"href":"https:\/\/utla.univ-pau.fr\/site\/index.php?rest_route=\/wp\/v2\/users\/5"}],"replies":[{"embeddable":true,"href":"https:\/\/utla.univ-pau.fr\/site\/index.php?rest_route=%2Fwp%2Fv2%2Fcomments&post=6200"}],"version-history":[{"count":18,"href":"https:\/\/utla.univ-pau.fr\/site\/index.php?rest_route=\/wp\/v2\/pages\/6200\/revisions"}],"predecessor-version":[{"id":7729,"href":"https:\/\/utla.univ-pau.fr\/site\/index.php?rest_route=\/wp\/v2\/pages\/6200\/revisions\/7729"}],"up":[{"embeddable":true,"href":"https:\/\/utla.univ-pau.fr\/site\/index.php?rest_route=\/wp\/v2\/pages\/5186"}],"wp:attachment":[{"href":"https:\/\/utla.univ-pau.fr\/site\/index.php?rest_route=%2Fwp%2Fv2%2Fmedia&parent=6200"}],"curies":[{"name":"wp","href":"https:\/\/api.w.org\/{rel}","templated":true}]}}