{"id":6206,"date":"2023-07-27T10:41:42","date_gmt":"2023-07-27T08:41:42","guid":{"rendered":"https:\/\/utla.univ-pau.fr\/site\/?page_id=6206"},"modified":"2026-02-26T23:54:33","modified_gmt":"2026-02-26T22:54:33","slug":"cinema-loeil-critique-analyser-et-mieux-voir-le-cinema","status":"publish","type":"page","link":"https:\/\/utla.univ-pau.fr\/site\/?page_id=6206","title":{"rendered":"L\u2019\u0153il critique 1 : une cartographie du cin\u00e9ma"},"content":{"rendered":"<p>Enseignant : Corentin Bouvy, sp\u00e9cialiste des arts de la sc\u00e8ne, directeur de l&rsquo;action culturelle de Juran\u00e7on et de la programmation\u00a0de l\u2019Atelier du Neez.<\/p>\n<p>&nbsp;<\/p>\n<p><strong>Semestres 1 et 2\/21 s\u00e9ances\/1h30 hebdo<br \/>\n<\/strong><\/p>\n<p style=\"text-align: justify;\">Le cin\u00e9ma, \u00e0 travers son histoire, ses r\u00e9alisateurs et ses sc\u00e9naristes a abord\u00e9 une multiplicit\u00e9 de sujets et d\u00e9velopp\u00e9 de tr\u00e8s nombreux r\u00e9cits. Dans ces cours, nous vous proposons de comprendre le rapport entre le cin\u00e9ma et la politique, la religion ou encore le naturalisme. Ces cours aborderont aussi des genres sp\u00e9cifiques comme le cin\u00e9ma de guerre, le cin\u00e9ma militant ou encore le cin\u00e9ma de propagande. Des cours plus techniques nous donnerons aussi l\u2019occasion de se plonger dans l\u2019adaptation de la bande dessin\u00e9e au cin\u00e9ma ou encore d\u2019explorer et d\u2019analyser la composition d\u2019une affiche de cin\u00e9ma. Des sujets plus sp\u00e9cifiques comme la repr\u00e9sentation du sport au cin\u00e9ma ou le cin\u00e9ma et le f\u00e9minisme pourront compl\u00e9ter le cycle.<\/p>\n","protected":false},"excerpt":{"rendered":"<p>Enseignant : Corentin Bouvy, sp\u00e9cialiste des arts de la sc\u00e8ne, directeur de l&rsquo;action culturelle de Juran\u00e7on et de la programmation\u00a0de l\u2019Atelier du Neez. &nbsp; Semestres 1 et 2\/21 s\u00e9ances\/1h30 hebdo Le cin\u00e9ma, \u00e0 travers son histoire, ses r\u00e9alisateurs et ses sc\u00e9naristes a abord\u00e9 une multiplicit\u00e9 de sujets et d\u00e9velopp\u00e9 de&#8230; <a href=\"https:\/\/utla.univ-pau.fr\/site\/?page_id=6206\" class=\"readmore\">lire la suite\u2026<span class=\"screen-reader-text\">L\u2019\u0153il critique 1 : une cartographie du cin\u00e9ma<\/span><span class=\"fa fa-angle-double-right\" aria-hidden=\"true\"><\/span><\/a><\/p>\n","protected":false},"author":5,"featured_media":0,"parent":1170,"menu_order":0,"comment_status":"closed","ping_status":"closed","template":"template\/Page-cours-pleine-largeur.php","meta":[],"acf":[],"_links":{"self":[{"href":"https:\/\/utla.univ-pau.fr\/site\/index.php?rest_route=\/wp\/v2\/pages\/6206"}],"collection":[{"href":"https:\/\/utla.univ-pau.fr\/site\/index.php?rest_route=\/wp\/v2\/pages"}],"about":[{"href":"https:\/\/utla.univ-pau.fr\/site\/index.php?rest_route=\/wp\/v2\/types\/page"}],"author":[{"embeddable":true,"href":"https:\/\/utla.univ-pau.fr\/site\/index.php?rest_route=\/wp\/v2\/users\/5"}],"replies":[{"embeddable":true,"href":"https:\/\/utla.univ-pau.fr\/site\/index.php?rest_route=%2Fwp%2Fv2%2Fcomments&post=6206"}],"version-history":[{"count":13,"href":"https:\/\/utla.univ-pau.fr\/site\/index.php?rest_route=\/wp\/v2\/pages\/6206\/revisions"}],"predecessor-version":[{"id":8126,"href":"https:\/\/utla.univ-pau.fr\/site\/index.php?rest_route=\/wp\/v2\/pages\/6206\/revisions\/8126"}],"up":[{"embeddable":true,"href":"https:\/\/utla.univ-pau.fr\/site\/index.php?rest_route=\/wp\/v2\/pages\/1170"}],"wp:attachment":[{"href":"https:\/\/utla.univ-pau.fr\/site\/index.php?rest_route=%2Fwp%2Fv2%2Fmedia&parent=6206"}],"curies":[{"name":"wp","href":"https:\/\/api.w.org\/{rel}","templated":true}]}}