{"id":6693,"date":"2024-01-23T11:06:03","date_gmt":"2024-01-23T10:06:03","guid":{"rendered":"https:\/\/utla.univ-pau.fr\/site\/?page_id=6693"},"modified":"2025-07-25T11:16:22","modified_gmt":"2025-07-25T09:16:22","slug":"theatre-et-societes","status":"publish","type":"page","link":"https:\/\/utla.univ-pau.fr\/site\/?page_id=6693","title":{"rendered":"Une histoire de la m\u00e9decine"},"content":{"rendered":"<p><strong>Enseignant : <\/strong>Bernard Duperrein (b\u00e9n\u00e9vole), ancien professeur de philosophie, ma\u00eetre de conf\u00e9rences honoraire (sociologie)<\/p>\n<p><strong>\u00a0<\/strong><\/p>\n<p><strong>Semestres 2\/1h30 hebdo<\/strong><\/p>\n<p style=\"text-align: justify;\">Une histoire des pratiques m\u00e9dicales ne se justifie que si on l\u2019inscrit dans le contexte anthropologique des paradigmes r\u00e9gissant la position de l\u2019homme dans le monde. De l\u2019homme-microcosme \u00e0 l\u2019homme-syst\u00e8me-organique en passant par l\u2019homme-machine, il est n\u00e9cessaire, pour en comprendre le sens, de mettre en \u00e9vidence les formes de curiosit\u00e9s qui orientent les gestes th\u00e9rapeutiques. Nous nous demanderons enfin si les perspectives de \u00ab l\u2019homme augment\u00e9 \u00bb ne nourrissent pas \u00e0 leur tour de nouveaux fantasmes qui nous \u00e9loignent de l\u2019art du soin<strong>.<\/strong><\/p>\n<p>&nbsp;<\/p>\n","protected":false},"excerpt":{"rendered":"<p>Enseignant : Bernard Duperrein (b\u00e9n\u00e9vole), ancien professeur de philosophie, ma\u00eetre de conf\u00e9rences honoraire (sociologie) \u00a0 Semestres 2\/1h30 hebdo Une histoire des pratiques m\u00e9dicales ne se justifie que si on l\u2019inscrit dans le contexte anthropologique des paradigmes r\u00e9gissant la position de l\u2019homme dans le monde. De l\u2019homme-microcosme \u00e0 l\u2019homme-syst\u00e8me-organique en passant&#8230; <a href=\"https:\/\/utla.univ-pau.fr\/site\/?page_id=6693\" class=\"readmore\">lire la suite\u2026<span class=\"screen-reader-text\">Une histoire de la m\u00e9decine<\/span><span class=\"fa fa-angle-double-right\" aria-hidden=\"true\"><\/span><\/a><\/p>\n","protected":false},"author":10,"featured_media":0,"parent":1009,"menu_order":0,"comment_status":"closed","ping_status":"closed","template":"","meta":[],"acf":[],"_links":{"self":[{"href":"https:\/\/utla.univ-pau.fr\/site\/index.php?rest_route=\/wp\/v2\/pages\/6693"}],"collection":[{"href":"https:\/\/utla.univ-pau.fr\/site\/index.php?rest_route=\/wp\/v2\/pages"}],"about":[{"href":"https:\/\/utla.univ-pau.fr\/site\/index.php?rest_route=\/wp\/v2\/types\/page"}],"author":[{"embeddable":true,"href":"https:\/\/utla.univ-pau.fr\/site\/index.php?rest_route=\/wp\/v2\/users\/10"}],"replies":[{"embeddable":true,"href":"https:\/\/utla.univ-pau.fr\/site\/index.php?rest_route=%2Fwp%2Fv2%2Fcomments&post=6693"}],"version-history":[{"count":8,"href":"https:\/\/utla.univ-pau.fr\/site\/index.php?rest_route=\/wp\/v2\/pages\/6693\/revisions"}],"predecessor-version":[{"id":7687,"href":"https:\/\/utla.univ-pau.fr\/site\/index.php?rest_route=\/wp\/v2\/pages\/6693\/revisions\/7687"}],"up":[{"embeddable":true,"href":"https:\/\/utla.univ-pau.fr\/site\/index.php?rest_route=\/wp\/v2\/pages\/1009"}],"wp:attachment":[{"href":"https:\/\/utla.univ-pau.fr\/site\/index.php?rest_route=%2Fwp%2Fv2%2Fmedia&parent=6693"}],"curies":[{"name":"wp","href":"https:\/\/api.w.org\/{rel}","templated":true}]}}