{"id":7037,"date":"2024-07-26T11:43:47","date_gmt":"2024-07-26T09:43:47","guid":{"rendered":"https:\/\/utla.univ-pau.fr\/site\/?page_id=7037"},"modified":"2025-07-25T11:12:42","modified_gmt":"2025-07-25T09:12:42","slug":"atelier-reportage-photo-video","status":"publish","type":"page","link":"https:\/\/utla.univ-pau.fr\/site\/?page_id=7037","title":{"rendered":"Atelier reportages de voyage"},"content":{"rendered":"<p>Enseignant : Jean-Louis Rey (b\u00e9n\u00e9vole)<\/p>\n<p>7 s\u00e9ances mensuelles au total x 2h30 (1 par mois)<\/p>\n<p>Une fois par mois sera projet\u00e9 en vid\u00e9o un reportage r\u00e9alis\u00e9 par un adh\u00e9rent sur un voyage qu\u2019il a effectu\u00e9 ou un \u00e9v\u00e9nement auquel il a assist\u00e9. Une aide pourra \u00eatre apport\u00e9e pour la finalisation de la vid\u00e9o.<\/p>\n<p>&nbsp;<\/p>\n","protected":false},"excerpt":{"rendered":"<p>Enseignant : Jean-Louis Rey (b\u00e9n\u00e9vole) 7 s\u00e9ances mensuelles au total x 2h30 (1 par mois) Une fois par mois sera projet\u00e9 en vid\u00e9o un reportage r\u00e9alis\u00e9 par un adh\u00e9rent sur un voyage qu\u2019il a effectu\u00e9 ou un \u00e9v\u00e9nement auquel il a assist\u00e9. Une aide pourra \u00eatre apport\u00e9e pour la finalisation&#8230; <a href=\"https:\/\/utla.univ-pau.fr\/site\/?page_id=7037\" class=\"readmore\">lire la suite\u2026<span class=\"screen-reader-text\">Atelier reportages de voyage<\/span><span class=\"fa fa-angle-double-right\" aria-hidden=\"true\"><\/span><\/a><\/p>\n","protected":false},"author":5,"featured_media":0,"parent":5186,"menu_order":0,"comment_status":"closed","ping_status":"closed","template":"","meta":[],"acf":[],"_links":{"self":[{"href":"https:\/\/utla.univ-pau.fr\/site\/index.php?rest_route=\/wp\/v2\/pages\/7037"}],"collection":[{"href":"https:\/\/utla.univ-pau.fr\/site\/index.php?rest_route=\/wp\/v2\/pages"}],"about":[{"href":"https:\/\/utla.univ-pau.fr\/site\/index.php?rest_route=\/wp\/v2\/types\/page"}],"author":[{"embeddable":true,"href":"https:\/\/utla.univ-pau.fr\/site\/index.php?rest_route=\/wp\/v2\/users\/5"}],"replies":[{"embeddable":true,"href":"https:\/\/utla.univ-pau.fr\/site\/index.php?rest_route=%2Fwp%2Fv2%2Fcomments&post=7037"}],"version-history":[{"count":4,"href":"https:\/\/utla.univ-pau.fr\/site\/index.php?rest_route=\/wp\/v2\/pages\/7037\/revisions"}],"predecessor-version":[{"id":7694,"href":"https:\/\/utla.univ-pau.fr\/site\/index.php?rest_route=\/wp\/v2\/pages\/7037\/revisions\/7694"}],"up":[{"embeddable":true,"href":"https:\/\/utla.univ-pau.fr\/site\/index.php?rest_route=\/wp\/v2\/pages\/5186"}],"wp:attachment":[{"href":"https:\/\/utla.univ-pau.fr\/site\/index.php?rest_route=%2Fwp%2Fv2%2Fmedia&parent=7037"}],"curies":[{"name":"wp","href":"https:\/\/api.w.org\/{rel}","templated":true}]}}