{"id":713,"date":"2019-07-02T15:15:57","date_gmt":"2019-07-02T13:15:57","guid":{"rendered":"https:\/\/utla.univ-pau.fr\/site\/?page_id=713"},"modified":"2025-07-25T11:14:12","modified_gmt":"2025-07-25T09:14:12","slug":"dans-leau","status":"publish","type":"page","link":"https:\/\/utla.univ-pau.fr\/site\/?page_id=713","title":{"rendered":"\u00a0\u00a0&#x25b6; Dans l&rsquo;eau"},"content":{"rendered":"<p>Activit\u00e9s aquatiques propos\u00e9es par l&rsquo;UTLA-Pau (suppl\u00e9ment \u00e0 r\u00e9gler)<\/p>\n<p>(Pour ces activit\u00e9s, les adh\u00e9rents doivent fournir un certificat m\u00e9dical en d\u00e9but de saison.)<\/p>\n","protected":false},"excerpt":{"rendered":"<p>Activit\u00e9s aquatiques propos\u00e9es par l&rsquo;UTLA-Pau (suppl\u00e9ment \u00e0 r\u00e9gler) (Pour ces activit\u00e9s, les adh\u00e9rents doivent fournir un certificat m\u00e9dical en d\u00e9but de saison.)<\/p>\n","protected":false},"author":5,"featured_media":0,"parent":711,"menu_order":2,"comment_status":"closed","ping_status":"closed","template":"template\/Pleine-largeur.php","meta":[],"acf":[],"_links":{"self":[{"href":"https:\/\/utla.univ-pau.fr\/site\/index.php?rest_route=\/wp\/v2\/pages\/713"}],"collection":[{"href":"https:\/\/utla.univ-pau.fr\/site\/index.php?rest_route=\/wp\/v2\/pages"}],"about":[{"href":"https:\/\/utla.univ-pau.fr\/site\/index.php?rest_route=\/wp\/v2\/types\/page"}],"author":[{"embeddable":true,"href":"https:\/\/utla.univ-pau.fr\/site\/index.php?rest_route=\/wp\/v2\/users\/5"}],"replies":[{"embeddable":true,"href":"https:\/\/utla.univ-pau.fr\/site\/index.php?rest_route=%2Fwp%2Fv2%2Fcomments&post=713"}],"version-history":[{"count":8,"href":"https:\/\/utla.univ-pau.fr\/site\/index.php?rest_route=\/wp\/v2\/pages\/713\/revisions"}],"predecessor-version":[{"id":7615,"href":"https:\/\/utla.univ-pau.fr\/site\/index.php?rest_route=\/wp\/v2\/pages\/713\/revisions\/7615"}],"up":[{"embeddable":true,"href":"https:\/\/utla.univ-pau.fr\/site\/index.php?rest_route=\/wp\/v2\/pages\/711"}],"wp:attachment":[{"href":"https:\/\/utla.univ-pau.fr\/site\/index.php?rest_route=%2Fwp%2Fv2%2Fmedia&parent=713"}],"curies":[{"name":"wp","href":"https:\/\/api.w.org\/{rel}","templated":true}]}}