{"id":715,"date":"2019-07-29T15:15:21","date_gmt":"2019-07-29T13:15:21","guid":{"rendered":"https:\/\/utla.univ-pau.fr\/site\/?page_id=715"},"modified":"2024-07-11T14:05:19","modified_gmt":"2024-07-11T12:05:19","slug":"en-plein-air","status":"publish","type":"page","link":"https:\/\/utla.univ-pau.fr\/site\/?page_id=715","title":{"rendered":"\u00a0\u00a0&#x25b6; En plein air"},"content":{"rendered":"<p>Activit\u00e9s physiques de plein air propos\u00e9es par l&rsquo;UTLA-Pau d&rsquo;octobre 2024 \u00e0 juin 2025.<\/p>\n<p>Pour ces activit\u00e9s, les adh\u00e9rents doivent fournir un certificat m\u00e9dical en d\u00e9but de saison (valable 3 ans)<\/p>\n","protected":false},"excerpt":{"rendered":"<p>Activit\u00e9s physiques de plein air propos\u00e9es par l&rsquo;UTLA-Pau d&rsquo;octobre 2024 \u00e0 juin 2025. Pour ces activit\u00e9s, les adh\u00e9rents doivent fournir un certificat m\u00e9dical en d\u00e9but de saison (valable 3 ans)<\/p>\n","protected":false},"author":5,"featured_media":0,"parent":711,"menu_order":1,"comment_status":"closed","ping_status":"closed","template":"template\/Pleine-largeur.php","meta":[],"acf":[],"_links":{"self":[{"href":"https:\/\/utla.univ-pau.fr\/site\/index.php?rest_route=\/wp\/v2\/pages\/715"}],"collection":[{"href":"https:\/\/utla.univ-pau.fr\/site\/index.php?rest_route=\/wp\/v2\/pages"}],"about":[{"href":"https:\/\/utla.univ-pau.fr\/site\/index.php?rest_route=\/wp\/v2\/types\/page"}],"author":[{"embeddable":true,"href":"https:\/\/utla.univ-pau.fr\/site\/index.php?rest_route=\/wp\/v2\/users\/5"}],"replies":[{"embeddable":true,"href":"https:\/\/utla.univ-pau.fr\/site\/index.php?rest_route=%2Fwp%2Fv2%2Fcomments&post=715"}],"version-history":[{"count":13,"href":"https:\/\/utla.univ-pau.fr\/site\/index.php?rest_route=\/wp\/v2\/pages\/715\/revisions"}],"predecessor-version":[{"id":6907,"href":"https:\/\/utla.univ-pau.fr\/site\/index.php?rest_route=\/wp\/v2\/pages\/715\/revisions\/6907"}],"up":[{"embeddable":true,"href":"https:\/\/utla.univ-pau.fr\/site\/index.php?rest_route=\/wp\/v2\/pages\/711"}],"wp:attachment":[{"href":"https:\/\/utla.univ-pau.fr\/site\/index.php?rest_route=%2Fwp%2Fv2%2Fmedia&parent=715"}],"curies":[{"name":"wp","href":"https:\/\/api.w.org\/{rel}","templated":true}]}}