{"id":7648,"date":"2025-07-08T15:05:49","date_gmt":"2025-07-08T13:05:49","guid":{"rendered":"https:\/\/utla.univ-pau.fr\/site\/?page_id=7648"},"modified":"2025-07-25T11:12:23","modified_gmt":"2025-07-25T09:12:23","slug":"atelier-hieroglyphes","status":"publish","type":"page","link":"https:\/\/utla.univ-pau.fr\/site\/?page_id=7648","title":{"rendered":"Atelier hi\u00e9roglyphes"},"content":{"rendered":"<p>Atelier anim\u00e9 par un groupe d&rsquo;adh\u00e9rentes b\u00e9n\u00e9voles passionn\u00e9es de niveau initi\u00e9, travaillant en autonomie autour de textes choisis collectivement.<\/p>\n<p>Semestres 1 et 2 : 1h30 hebo<\/p>\n<p>A la rentr\u00e9e, nous commencerons par des r\u00e9visions de grammaire (la n\u00e9gation) avant d&rsquo;aborder la traduction du Conte de Naufrag\u00e9, un r\u00e9cit du Moyen-Age.<\/p>\n<p>&nbsp;<\/p>\n","protected":false},"excerpt":{"rendered":"<p>Atelier anim\u00e9 par un groupe d&rsquo;adh\u00e9rentes b\u00e9n\u00e9voles passionn\u00e9es de niveau initi\u00e9, travaillant en autonomie autour de textes choisis collectivement. Semestres 1 et 2 : 1h30 hebo A la rentr\u00e9e, nous commencerons par des r\u00e9visions de grammaire (la n\u00e9gation) avant d&rsquo;aborder la traduction du Conte de Naufrag\u00e9, un r\u00e9cit du Moyen-Age&#8230;. <a href=\"https:\/\/utla.univ-pau.fr\/site\/?page_id=7648\" class=\"readmore\">lire la suite\u2026<span class=\"screen-reader-text\">Atelier hi\u00e9roglyphes<\/span><span class=\"fa fa-angle-double-right\" aria-hidden=\"true\"><\/span><\/a><\/p>\n","protected":false},"author":5,"featured_media":0,"parent":5186,"menu_order":0,"comment_status":"closed","ping_status":"closed","template":"","meta":[],"acf":[],"_links":{"self":[{"href":"https:\/\/utla.univ-pau.fr\/site\/index.php?rest_route=\/wp\/v2\/pages\/7648"}],"collection":[{"href":"https:\/\/utla.univ-pau.fr\/site\/index.php?rest_route=\/wp\/v2\/pages"}],"about":[{"href":"https:\/\/utla.univ-pau.fr\/site\/index.php?rest_route=\/wp\/v2\/types\/page"}],"author":[{"embeddable":true,"href":"https:\/\/utla.univ-pau.fr\/site\/index.php?rest_route=\/wp\/v2\/users\/5"}],"replies":[{"embeddable":true,"href":"https:\/\/utla.univ-pau.fr\/site\/index.php?rest_route=%2Fwp%2Fv2%2Fcomments&post=7648"}],"version-history":[{"count":1,"href":"https:\/\/utla.univ-pau.fr\/site\/index.php?rest_route=\/wp\/v2\/pages\/7648\/revisions"}],"predecessor-version":[{"id":7649,"href":"https:\/\/utla.univ-pau.fr\/site\/index.php?rest_route=\/wp\/v2\/pages\/7648\/revisions\/7649"}],"up":[{"embeddable":true,"href":"https:\/\/utla.univ-pau.fr\/site\/index.php?rest_route=\/wp\/v2\/pages\/5186"}],"wp:attachment":[{"href":"https:\/\/utla.univ-pau.fr\/site\/index.php?rest_route=%2Fwp%2Fv2%2Fmedia&parent=7648"}],"curies":[{"name":"wp","href":"https:\/\/api.w.org\/{rel}","templated":true}]}}