{"id":7688,"date":"2025-07-23T11:49:26","date_gmt":"2025-07-23T09:49:26","guid":{"rendered":"https:\/\/utla.univ-pau.fr\/site\/?page_id=7688"},"modified":"2026-02-26T23:53:11","modified_gmt":"2026-02-26T22:53:11","slug":"processus-demergence-des-grandes-puissances-economies-dasie-japon-coree-chine","status":"publish","type":"page","link":"https:\/\/utla.univ-pau.fr\/site\/?page_id=7688","title":{"rendered":"Processus d&rsquo;\u00e9mergence des grandes puissances \u00e9conomiques d&rsquo;Asie : Japon, Cor\u00e9e, Chine"},"content":{"rendered":"<p>Enseignant : Jacques Jaussaud (b\u00e9n\u00e9vole), professeur des universit\u00e9s en sciences \u00e9conomiques.<\/p>\n<p>Semestre 2\/10 s\u00e9ances X 1h30<\/p>\n","protected":false},"excerpt":{"rendered":"<p>Enseignant : Jacques Jaussaud (b\u00e9n\u00e9vole), professeur des universit\u00e9s en sciences \u00e9conomiques. Semestre 2\/10 s\u00e9ances X 1h30<\/p>\n","protected":false},"author":5,"featured_media":0,"parent":2489,"menu_order":0,"comment_status":"closed","ping_status":"closed","template":"template\/Page-menu-content-sidebar.php","meta":[],"acf":[],"_links":{"self":[{"href":"https:\/\/utla.univ-pau.fr\/site\/index.php?rest_route=\/wp\/v2\/pages\/7688"}],"collection":[{"href":"https:\/\/utla.univ-pau.fr\/site\/index.php?rest_route=\/wp\/v2\/pages"}],"about":[{"href":"https:\/\/utla.univ-pau.fr\/site\/index.php?rest_route=\/wp\/v2\/types\/page"}],"author":[{"embeddable":true,"href":"https:\/\/utla.univ-pau.fr\/site\/index.php?rest_route=\/wp\/v2\/users\/5"}],"replies":[{"embeddable":true,"href":"https:\/\/utla.univ-pau.fr\/site\/index.php?rest_route=%2Fwp%2Fv2%2Fcomments&post=7688"}],"version-history":[{"count":2,"href":"https:\/\/utla.univ-pau.fr\/site\/index.php?rest_route=\/wp\/v2\/pages\/7688\/revisions"}],"predecessor-version":[{"id":8125,"href":"https:\/\/utla.univ-pau.fr\/site\/index.php?rest_route=\/wp\/v2\/pages\/7688\/revisions\/8125"}],"up":[{"embeddable":true,"href":"https:\/\/utla.univ-pau.fr\/site\/index.php?rest_route=\/wp\/v2\/pages\/2489"}],"wp:attachment":[{"href":"https:\/\/utla.univ-pau.fr\/site\/index.php?rest_route=%2Fwp%2Fv2%2Fmedia&parent=7688"}],"curies":[{"name":"wp","href":"https:\/\/api.w.org\/{rel}","templated":true}]}}