{"id":7698,"date":"2025-07-23T15:24:55","date_gmt":"2025-07-23T13:24:55","guid":{"rendered":"https:\/\/utla.univ-pau.fr\/site\/?page_id=7698"},"modified":"2025-07-25T11:14:38","modified_gmt":"2025-07-25T09:14:38","slug":"loeil-critique-2-cinema-mythes-et-politique","status":"publish","type":"page","link":"https:\/\/utla.univ-pau.fr\/site\/?page_id=7698","title":{"rendered":"L&rsquo;oeil critique 2 : cin\u00e9ma, mythes et politique"},"content":{"rendered":"<p>Enseignant : Laurent Galinon, journaliste et r\u00e9alisateur, sp\u00e9cialiste du cin\u00e9ma italien.<\/p>\n<p>Semestre 2\/4 s\u00e9ances x 1h (F\u00e9vrier \u00e0 Mai)<\/p>\n<ol>\n<li>Hollywood au XXe si\u00e8cle : construction et d\u00e9construction des mythes am\u00e9ricains<\/li>\n<li>Cin\u00e9ma italien : \u00e2ge d&rsquo;or et ann\u00e9es de plomb<\/li>\n<\/ol>\n","protected":false},"excerpt":{"rendered":"<p>Enseignant : Laurent Galinon, journaliste et r\u00e9alisateur, sp\u00e9cialiste du cin\u00e9ma italien. Semestre 2\/4 s\u00e9ances x 1h (F\u00e9vrier \u00e0 Mai) Hollywood au XXe si\u00e8cle : construction et d\u00e9construction des mythes am\u00e9ricains Cin\u00e9ma italien : \u00e2ge d&rsquo;or et ann\u00e9es de plomb<\/p>\n","protected":false},"author":5,"featured_media":0,"parent":1170,"menu_order":0,"comment_status":"closed","ping_status":"closed","template":"","meta":[],"acf":[],"_links":{"self":[{"href":"https:\/\/utla.univ-pau.fr\/site\/index.php?rest_route=\/wp\/v2\/pages\/7698"}],"collection":[{"href":"https:\/\/utla.univ-pau.fr\/site\/index.php?rest_route=\/wp\/v2\/pages"}],"about":[{"href":"https:\/\/utla.univ-pau.fr\/site\/index.php?rest_route=\/wp\/v2\/types\/page"}],"author":[{"embeddable":true,"href":"https:\/\/utla.univ-pau.fr\/site\/index.php?rest_route=\/wp\/v2\/users\/5"}],"replies":[{"embeddable":true,"href":"https:\/\/utla.univ-pau.fr\/site\/index.php?rest_route=%2Fwp%2Fv2%2Fcomments&post=7698"}],"version-history":[{"count":1,"href":"https:\/\/utla.univ-pau.fr\/site\/index.php?rest_route=\/wp\/v2\/pages\/7698\/revisions"}],"predecessor-version":[{"id":7699,"href":"https:\/\/utla.univ-pau.fr\/site\/index.php?rest_route=\/wp\/v2\/pages\/7698\/revisions\/7699"}],"up":[{"embeddable":true,"href":"https:\/\/utla.univ-pau.fr\/site\/index.php?rest_route=\/wp\/v2\/pages\/1170"}],"wp:attachment":[{"href":"https:\/\/utla.univ-pau.fr\/site\/index.php?rest_route=%2Fwp%2Fv2%2Fmedia&parent=7698"}],"curies":[{"name":"wp","href":"https:\/\/api.w.org\/{rel}","templated":true}]}}