{"id":77,"date":"2016-10-25T14:38:52","date_gmt":"2016-10-25T12:38:52","guid":{"rendered":"http:\/\/utla.univ-pau.fr\/site\/?page_id=77"},"modified":"2025-11-13T18:49:17","modified_gmt":"2025-11-13T17:49:17","slug":"reglement-interieur","status":"publish","type":"page","link":"https:\/\/utla.univ-pau.fr\/site\/?page_id=77","title":{"rendered":"R\u00e8glement int\u00e9rieur"},"content":{"rendered":"<h3><strong>ARTICLE 1 : Relations UTLA-Pau \/ UPPA<\/strong><\/h3>\n<p>L\u2019ind\u00e9pendance de l\u2019UTLA-Pau vis-\u00e0-vis de ses partenaires, garantie par sa gestion d\u00e9mocratique et transparente, permet \u00e0 l\u2019UPPA d\u2019en appr\u00e9cier en permanence le fonctionnement, en particulier par la pr\u00e9sentation annuelle des activit\u00e9s de l\u2019UTLA-Pau devant le conseil d\u2019administration de l\u2019UPPA.<\/p>\n<p>Par ailleurs, les rapports annuels approuv\u00e9s par l\u2019Assembl\u00e9e G\u00e9n\u00e9rale peuvent \u00eatre transmis sur demande \u00e0 l\u2019UPPA.<\/p>\n<h3><strong>ARTICLE 2 : Acc\u00e8s aux services et aux activit\u00e9s<\/strong><\/h3>\n<p>Les droits d\u2019inscription \u00e0 l\u2019UTLA sont compos\u00e9s de deux parties :<\/p>\n<ul>\n<li>d\u2019une adh\u00e9sion annuelle vers\u00e9e par tous les adh\u00e9rents\u00a0;<\/li>\n<li>d\u2019une cotisation ouvrant droits aux services de l\u2019association.<\/li>\n<\/ul>\n<p>Une fois vers\u00e9s, ces droits d\u2019inscription sont acquis \u00e0 l\u2019association et ne peuvent \u00eatre rembours\u00e9s pour quelque motif que ce soit.<\/p>\n<p>Le montant des droits d\u2019inscription est fix\u00e9 pour chaque ann\u00e9e par le Conseil d\u2019Administration. Des r\u00e9ductions sont consenties en fonction du statut (enseignant ou \u00e9tudiant UPPA, enseignant UTLA) ou des revenus (b\u00e9n\u00e9ficiaires RSA, demandeur d\u2019emploi, minimum vieillesse) sur pr\u00e9sentation de l\u2019avis d\u2019imposition ou tout autre justificatif n\u00e9cessaire.<\/p>\n<p>Ce montant est forfaitaire mais un compl\u00e9ment est demand\u00e9 pour la participation \u00e0 certaines activit\u00e9s (transport pour les sorties, location des piscines\u2026).<\/p>\n<p>Chaque adh\u00e9rent doit avoir sur lui sa carte d\u2019adh\u00e9rent et la pr\u00e9senter lors des v\u00e9rifications.<\/p>\n<h3><strong>ARTICLE 3 : Liste des motifs graves d\u2019exclusion<\/strong><\/h3>\n<p>Dans le cadre de l\u2019article 6 des statuts, les motifs graves susceptibles d\u2019entra\u00eener l\u2019exclusion d\u2019un adh\u00e9rent sont les suivants (liste non exhaustive)\u00a0:<\/p>\n<ul>\n<li>incivilit\u00e9 \u00e0 l\u2019\u00e9gard du personnel salari\u00e9 ;<\/li>\n<li>propos diffamatoires \u00e0 l\u2019encontre de l\u2019association et\/ou d\u2019un ou plusieurs dirigeants ;<\/li>\n<li>non-respect des r\u00e8gles de s\u00e9curit\u00e9 et\/ou brutalit\u00e9s notamment lorsque le comportement de l\u2019adh\u00e9rent a mis en p\u00e9ril sa s\u00e9curit\u00e9 et\/ou celle d\u2019un autre adh\u00e9rent ou du groupe, ou d\u2019autres usagers des lieux d\u2019activit\u00e9s ;<\/li>\n<li>d\u00e9t\u00e9rioration volontaire d\u2019un bien mat\u00e9riel\u00a0;<\/li>\n<li>d\u00e9tournement de donn\u00e9es informatiques\u00a0;<\/li>\n<li>utilisation volontaire de l\u2019image de l\u2019UTLA sans autorisation du Conseil d\u2019Administration ;<\/li>\n<li>refus r\u00e9it\u00e9r\u00e9 de pr\u00e9senter sa carte d\u2019adh\u00e9rent aux personnes habilit\u00e9es ;<\/li>\n<li>action susceptible de porter pr\u00e9judice \u00e0 l\u2019association ou \u00e0 son rayonnement\u00a0;<\/li>\n<li>non respect des statuts ou du R\u00e8glement int\u00e9rieur ou des r\u00e8glements int\u00e9rieurs compl\u00e9mentaires.<\/li>\n<\/ul>\n<h3><strong>ARTICLE 4\u00a0: Les m\u00e9diateurs<\/strong><\/h3>\n<h4><strong>4.1. R\u00f4le des m\u00e9diateurs<\/strong><\/h4>\n<p>Ils sont adh\u00e9rents de l\u2019UTLA et exercent leur mission \u00e0 titre b\u00e9n\u00e9vole<\/p>\n<p>Les m\u00e9diateurs accompagnent les adh\u00e9rents lors d\u2019une situation conflictuelle pour aider \u00e0 trouver une solution.<\/p>\n<p>Ils sont neutres, impartiaux et objectifs.<\/p>\n<p>Ils r\u00e9tablissent le dialogue entre les parties pour qu\u2019elles parviennent ensemble \u00e0 un accord.<\/p>\n<p>Les m\u00e9diateurs ne sont pas les repr\u00e9sentants ou les d\u00e9fenseurs de l\u2019une ou l\u2019autre des parties.<\/p>\n<h4><strong>4.2. D\u00e9signation des m\u00e9diateurs<\/strong><\/h4>\n<p>Il peut y avoir au plus deux m\u00e9diateurs au sein de l\u2019UTLA-Pau. Un appel \u00e0 candidatures est adress\u00e9 aux adh\u00e9rents par le Conseil d\u2019Administration nouvellement \u00e9lu. Le poste n\u2019est pourvu que par une personne s\u2019il n\u2019y a qu\u2019une candidature.<\/p>\n<p>Les m\u00e9diateurs ne peuvent pas \u00eatre membres du Conseil d\u2019Administration.<\/p>\n<p>Le Conseil d\u2019Administration examine les candidatures. Sont \u00e9lus les m\u00e9diateurs ayant obtenu le plus de voix.<\/p>\n<p>Le mandat des m\u00e9diateurs prend fin avec le mandat du Conseil d\u2019Administration qui les a \u00e9lus.<\/p>\n<h3><strong>ARTICLE 5 : Le charg\u00e9 de mission d\u00e9l\u00e9gu\u00e9 par l\u2019UPPA<\/strong><\/h3>\n<p>Par convention entre l\u2019UPPA et l\u2019UTLA-Pau, l\u2019UPPA met \u00e0 disposition de l\u2019UTLA-Pau un charg\u00e9 de mission.<\/p>\n<p>Le charg\u00e9 de mission assure les missions d\u00e9crites ci-dessous, avec l\u2019approbation du pr\u00e9sident de l\u2019UPPA et par d\u00e9l\u00e9gation du pr\u00e9sident de l\u2019UTLA-Pau :<\/p>\n<ul>\n<li>\u00e9laboration du projet de programme des activit\u00e9s annuelles en vue de la r\u00e9union de la Commission des activit\u00e9s et du Conseil d\u2019Administration ;<\/li>\n<li>la mise en \u0153uvre du programme d\u2019activit\u00e9s apr\u00e8s son approbation par le Conseil d\u2019Administration ;<\/li>\n<li>l\u2019\u00e9tablissement de la liste des intervenants ;<\/li>\n<li>l\u2019organisation et la logistique de toutes les activit\u00e9s\u00a0;<\/li>\n<li>la communication sur l\u2019ensemble des activit\u00e9s ;<\/li>\n<li>la liaison et le partenariat avec les acteurs culturels du territoire.<\/li>\n<\/ul>\n<h3><strong>ARTICLE 6 : Service administratif et relations avec les adh\u00e9rents<\/strong><\/h3>\n<p>Le service administratif, sous la responsabilit\u00e9 du pr\u00e9sident ou, en son absence, du vice-pr\u00e9sident, assure l\u2019ensemble des t\u00e2ches administratives permettant un bon fonctionnement de l\u2019association. Il r\u00e9pond aux demandes des quatre membres statutaires du bureau du conseil d\u2019administration (pr\u00e9sident, vice-pr\u00e9sident, tr\u00e9sorier, secr\u00e9taire) et du charg\u00e9 de mission universitaire.<\/p>\n<ul>\n<li>il assure une permanence t\u00e9l\u00e9phonique du lundi au vendredi midi, et re\u00e7oit les adh\u00e9rents trois jours par semaine, pour leur apporter toutes les informations et l\u2019aide n\u00e9cessaires\u00a0;<\/li>\n<li>il assure l\u2019inscription des adh\u00e9rents qui ne veulent ou ne peuvent pas utiliser internet ou auxquels s\u2019applique un tarif particulier ;<\/li>\n<li>il \u00e9tablit l\u2019emploi du temps des cours et des conf\u00e9rences et assure, avec le secr\u00e9tariat des Coll\u00e8ges concern\u00e9s de l\u2019UPPA, la r\u00e9servation des salles ;<\/li>\n<li>il g\u00e8re la logistique des activit\u00e9s qui n\u00e9cessitent une inscription ou un transport particulier\u00a0;<\/li>\n<li>\u00e0 la demande des intervenants, il diffuse \u00e0 l\u2019ensemble des adh\u00e9rents, par courriel et par les moyens d\u2019affichage, toutes les informations concernant les diff\u00e9rentes activit\u00e9s\u00a0;<\/li>\n<li>il assure la mise \u00e0 jour du site internet, avec la collaboration du charg\u00e9 de mission\u00a0;<\/li>\n<li>il seconde le charg\u00e9 de mission pour les d\u00e9marches li\u00e9es \u00e0 l\u2019accueil des conf\u00e9renciers ;<\/li>\n<li>il assure la diffusion des proc\u00e8s-verbaux des r\u00e9unions du conseil d\u2019administration, avec la collaboration du secr\u00e9taire.<\/li>\n<\/ul>\n<p>Le CA est particuli\u00e8rement attentif au respect des r\u00e8gles de savoir-vivre et de courtoisie \u00e0 l\u2019\u00e9gard des salari\u00e9s du secr\u00e9tariat.<\/p>\n<h3><strong>ARTICLE 7 : \u00c9lections et fonctionnement du conseil d\u2019administration de L\u2019UTLA-Pau<\/strong><\/h3>\n<p>Le cadre g\u00e9n\u00e9ral est fix\u00e9 par les statuts.<\/p>\n<p>L\u2019organisation mat\u00e9rielle et le d\u00e9roulement des scrutins sont sous la responsabilit\u00e9 du pr\u00e9sident et du vice-pr\u00e9sident.<\/p>\n<p>L\u2019ann\u00e9e du renouvellement des mandats, il est rappel\u00e9 aux adh\u00e9rents, par affichage et courriel, l\u2019\u00e9ch\u00e9ance \u00e9lectorale \u00e0 venir.<\/p>\n<h4><strong>7.1. Scrutin des adh\u00e9rents non universitaires<\/strong><\/h4>\n<h5><strong>7.1.1 Proc\u00e9dure et calendrier<\/strong><\/h5>\n<ul>\n<li>Quatre semaines au plus tard avant la date du scrutin, annonce du calendrier \u00e9lectoral et possibilit\u00e9 de d\u00e9p\u00f4t des dossiers de candidatures aupr\u00e8s du service administratif de l\u2019UTLA-Pau.<\/li>\n<li>Le dossier est compos\u00e9 de\u00a0:\n<ul>\n<li>lettre de candidature,<\/li>\n<li>profession de foi,<\/li>\n<li>liste de 10 adh\u00e9rents soutenant la candidature (cette liste comprend\u00a0: nom, pr\u00e9nom, signature et num\u00e9ro d\u2019adh\u00e9rent)\u00a0; un adh\u00e9rent ne peut soutenir qu\u2019un seul candidat.<\/li>\n<\/ul>\n<\/li>\n<li>Date limite du d\u00e9p\u00f4t des dossiers de candidature\u00a0: trois semaines au plus tard avant la date du scrutin. Un accus\u00e9 de r\u00e9ception est remis au candidat, apr\u00e8s v\u00e9rification du dossier.<\/li>\n<li>Deux semaines au plus tard avant la date du scrutin, le service administratif est charg\u00e9 de la diffusion des candidatures (dont professions de foi) \u00e0 tous les adh\u00e9rents, par affichage et courriel, met \u00e0 la disposition des adh\u00e9rents des formulaires de procuration.<\/li>\n<li>Une semaine au plus tard avant la date du scrutin, le pr\u00e9sident, le vice-pr\u00e9sident, aid\u00e9s par le secr\u00e9tariat, organisent les modalit\u00e9s pratiques du vote ;<\/li>\n<li>Une semaine au plus tard avant la date du scrutin : cl\u00f4ture de la liste des \u00e9lecteurs, c\u2019est-\u00e0-dire les adh\u00e9rents \u00e0 jour du paiement de leur cotisation.<\/li>\n<\/ul>\n<h5><strong>7.1.2. D\u00e9roulement de la campagne<\/strong><\/h5>\n<p>En aucun cas, les cours ou activit\u00e9s de l\u2019UTLA-Pau ne pourront \u00eatre utilis\u00e9s pour une distribution de documents d\u2019information ou pour une prise de parole relative au scrutin. Un espace de publication et de discussion sera ouvert sur le forum.<\/p>\n<p>Au cours de l\u2019Assembl\u00e9e G\u00e9n\u00e9rale, le pr\u00e9sident donne un temps de parole \u00e0 chaque candidat pour se pr\u00e9senter.<\/p>\n<h5><strong>7.1.3. D\u00e9pouillement<\/strong><\/h5>\n<p>Le pr\u00e9sident d\u00e9clare la cl\u00f4ture du scrutin.<\/p>\n<p>Le d\u00e9pouillement est public et se d\u00e9roule d\u00e8s la fin du scrutin.<\/p>\n<p>Le pr\u00e9sident proclame les r\u00e9sultats inscrits au proc\u00e8s-verbal, qui sera ensuite diffus\u00e9 par affichage et courriel aux adh\u00e9rents.<\/p>\n<h4><strong>7.2. Scrutin des adh\u00e9rents universitaires<\/strong><\/h4>\n<h5><strong>7.2.1. Calendrier<\/strong><\/h5>\n<ul>\n<li>Le scrutin se d\u00e9roule sur deux jours avant l\u2019Assembl\u00e9e G\u00e9n\u00e9rale\u00a0;<\/li>\n<li>Quinze jours avant la date du scrutin : \u00e9tablissement de la liste des \u00e9lecteurs, consultable au secr\u00e9tariat\u00a0;<\/li>\n<li>Quatre jours au plus tard avant la date du scrutin : d\u00e9p\u00f4t des candidatures et impression des bulletins de vote comprenant la liste des candidats\u00a0;<\/li>\n<li>Trois jours avant la date du scrutin, information des \u00e9lecteurs par courriel sur le lieu et les dates du scrutin.<\/li>\n<\/ul>\n<h5><strong>7.2.2. D\u00e9roulement du vote<\/strong><\/h5>\n<ul>\n<li>Le scrutin est organis\u00e9 sous la responsabilit\u00e9 du pr\u00e9sident\u00a0;<\/li>\n<li>Chaque \u00e9lecteur peut disposer de deux procurations au maximum\u00a0;<\/li>\n<li>Les \u00e9lecteurs indiquent d\u2019une croix sur le bulletin de vote les candidats choisis.<\/li>\n<\/ul>\n<h4><strong>7.3 \u00c9lection du repr\u00e9sentant du personnel<\/strong><\/h4>\n<h5><strong>7.3.1. Calendrier<\/strong><\/h5>\n<ul>\n<li>Quinze jours avant la date du scrutin : \u00e9tablissement de la liste des \u00e9lecteurs, consultable au secr\u00e9tariat\u00a0;<\/li>\n<li>Quatre jours au plus tard avant la date du scrutin : d\u00e9p\u00f4t des candidatures et impression des bulletins de vote comprenant la liste des candidats\u00a0;<\/li>\n<li>Trois jours avant la date du scrutin : information des \u00e9lecteurs par courriel sur le lieu et les dates du scrutin.<\/li>\n<\/ul>\n<h5><strong>7.3.2. D\u00e9roulement du vote<\/strong><\/h5>\n<ul>\n<li>Le scrutin est organis\u00e9 sous la responsabilit\u00e9 du pr\u00e9sident\u00a0;<\/li>\n<li>Chaque \u00e9lecteur peut disposer de deux procurations au maximum\u00a0;<\/li>\n<li>Les \u00e9lecteurs indiquent d\u2019une croix sur le bulletin de vote le candidat choisi.<\/li>\n<\/ul>\n<h3><strong>ARTICLE 8 : Commissions<\/strong><\/h3>\n<h4><strong>8.1. Cadre g\u00e9n\u00e9ral<\/strong><\/h4>\n<p>Le Conseil d\u2019Administration travaille avec au moins quatre commissions statutaires cit\u00e9es ci-dessous et peut en cr\u00e9er de nouvelles en fonction de ses besoins.<\/p>\n<p>Ces commissions sont constitu\u00e9es de membres administrateurs volontaires associ\u00e9s \u00e0 des membres non administrateurs.<\/p>\n<p>Le pr\u00e9sident de chaque commission est un membre du bureau d\u00e9sign\u00e9 par ce r\u00e8glement en fonction de ses responsabilit\u00e9s. \u00c0 l\u2019exception de la commission de contr\u00f4le qui est pr\u00e9sid\u00e9e par un adh\u00e9rent non membre du Conseil d\u2019Administration.<\/p>\n<p>Le nombre total de membres de chaque commission est d\u00e9fini par le r\u00e8glement int\u00e9rieur.<\/p>\n<h4><strong>8.2. D\u00e9signation des membres et du pr\u00e9sident des commissions<\/strong><\/h4>\n<p>Pour les commissions statutaires (figurant dans les statuts), d\u00e8s que le Conseil d\u2019Administration est constitu\u00e9 apr\u00e8s les \u00e9lections, le pr\u00e9sident proc\u00e8de \u00e0 deux appels \u00e0 candidatures :<\/p>\n<ul>\n<li>l\u2019un aupr\u00e8s des membres administrateurs,<\/li>\n<li>l\u2019autre aupr\u00e8s des membres non administrateurs.<\/li>\n<\/ul>\n<p>Les d\u00e9clarations de candidatures doivent \u00eatre accompagn\u00e9es d\u2019une lettre de motivation.<\/p>\n<p>Le Conseil d\u2019Administration d\u00e9signe les membres de chaque commission pour les trois ann\u00e9es de son mandat.<\/p>\n<p>Pour les commissions non statutaires et cr\u00e9es par le Conseil d\u2019Administration en cours de mandat\u00a0: leur cr\u00e9ation n\u00e9cessite l\u2019approbation de la majorit\u00e9 des administrateurs, ainsi que la d\u00e9signation de leur pr\u00e9sident et du nombre de membres. Dans la semaine qui suit la d\u00e9cision de cr\u00e9ation, le pr\u00e9sident du Conseil d\u2019Administration suit la m\u00eame proc\u00e9dure de d\u00e9signation des membres que pour les commissions statutaires. Le Conseil d\u2019Administration d\u00e9signe les membres de chaque nouvelle commission jusqu\u2019\u00e0 la fin de son mandat.<\/p>\n<h4><strong>8.3. Commission des activit\u00e9s<\/strong><\/h4>\n<p>Elle a pour objectif de contribuer par ses propositions au programme annuel concernant aussi bien les cours, les conf\u00e9rences et toutes les autres activit\u00e9s culturelles, artistiques et physiques offertes aux adh\u00e9rents. Elle \u00e9tudie les propositions de nouvelles activit\u00e9s.<\/p>\n<p>Elle est pr\u00e9sid\u00e9e par le vice-pr\u00e9sident de l\u2019UTLA-Pau. Le charg\u00e9 de mission universitaire pr\u00e9sente le projet de programmation conform\u00e9ment \u00e0 ses pr\u00e9rogatives d\u00e9finies \u00e0 l\u2019Article 5 du R\u00e8glement int\u00e9rieur. Le projet de programmation fait l\u2019objet d\u2019une premi\u00e8re validation apr\u00e8s discussion avec les membres de la commission.<\/p>\n<p>Elle comporte au moins 3 membres administrateurs et au moins 3 membres non administrateurs.<\/p>\n<p>Elle peut faire appel \u00e0 toute personne ext\u00e9rieure (par exemple un responsable d\u2019association li\u00e9e par convention \u00e0 l\u2019UTLA-Pau) susceptible de l\u2019aider dans sa r\u00e9flexion.<\/p>\n<h4><strong>8.4. Commission de contr\u00f4le<\/strong><\/h4>\n<p>Elle a pour mission de v\u00e9rifier la comptabilit\u00e9 de l\u2019association ainsi que l\u2019ad\u00e9quation des d\u00e9penses \u00e0 ses objectifs. Elle intervient \u00e0 tout moment et plus particuli\u00e8rement d\u00e8s que les comptes de chaque exercice sont arr\u00eat\u00e9s, avant examen par le Conseil d\u2019Administration. Elle pr\u00e9sente \u00e0 ce dernier un rapport interm\u00e9diaire \u00e0 mi-saison. Elle rend un rapport \u00e0 l\u2019Assembl\u00e9e G\u00e9n\u00e9rale annuelle.<\/p>\n<p>Elle a acc\u00e8s \u00e0 toutes les donn\u00e9es comptables et aux pi\u00e8ces justificatives.<\/p>\n<p>Elle est pr\u00e9sid\u00e9e par un adh\u00e9rent non membre du Conseil d\u2019Administration, qui a la charge de rapporteur aupr\u00e8s du CA et de l\u2019AG.<\/p>\n<p>Elle comporte un membre administrateur et au plus trois membres non administrateurs. Le tr\u00e9sorier assiste aux r\u00e9unions de cette commission autant que n\u00e9cessaire.<\/p>\n<h4><strong>8.5. Commission des statuts<\/strong><\/h4>\n<p>Elle est un organe de r\u00e9flexion et de proposition des adh\u00e9rents pour toutes les questions relatives aux statuts de l\u2019association. Elle est un organe d\u2019assistance du Conseil d\u2019Administration pour toutes les questions relatives au r\u00e8glement int\u00e9rieur. Elle est obligatoirement saisie dans le cas d\u2019un projet de r\u00e9forme des statuts de l\u2019association, initi\u00e9 par le CA ou \u00e0 la demande d\u2019un groupe d\u2019adh\u00e9rents. Elle se r\u00e9unit au moins une fois par an pour assurer une veille de l\u2019application des statuts et r\u00e8glements\u00a0; le cas \u00e9ch\u00e9ant, elle fait des propositions de modifications ou des recommandations.<\/p>\n<p>Elle est pr\u00e9sid\u00e9e par le secr\u00e9taire \u00e9lu de l\u2019UTLA-Pau.<\/p>\n<p>Elle comporte trois membres administrateurs et trois membres non administrateurs.<\/p>\n<h4><strong>8.6. Commission d\u2019appel<\/strong><\/h4>\n<p>Elle est un organe d\u2019appel sur une exclusion d\u00e9cid\u00e9e par le Conseil d\u2019Administration sous r\u00e9serve que cet appel soit formul\u00e9 par lettre recommand\u00e9e avec accus\u00e9 de r\u00e9ception adress\u00e9e au pr\u00e9sident de la Commission d\u2019appel dans un d\u00e9lai de huit jours francs \u00e0 compter de la r\u00e9ception de la notification.<\/p>\n<p>Les d\u00e9cisions de cette Commission sont prises \u00e0 la majorit\u00e9 des membres pr\u00e9sents, apr\u00e8s audition du membre faisant appel, qui peut \u00eatre accompagn\u00e9 par une personne de son choix.<\/p>\n<p>Les d\u00e9cisions de la Commission sont d\u00e9finitives et ex\u00e9cutoires.<\/p>\n<p>Elle est pr\u00e9sid\u00e9e par le pr\u00e9sident de l\u2019UTLA.<\/p>\n<p>Elle comporte un membre administrateur et deux membres adh\u00e9rents non administrateurs.<\/p>\n<h3><strong>ARTICLE 9 : Divers<\/strong><\/h3>\n<h4><strong>Activit\u00e9s ext\u00e9rieures<\/strong><\/h4>\n<p>Elles font l\u2019objet de r\u00e8glements int\u00e9rieurs compl\u00e9mentaires. (Statuts, art. 22).<\/p>\n<h4><strong>Voyages<\/strong><\/h4>\n<p>Si des intervenants proposent \u00e0 leurs auditeurs des voyages, en aucun cas la responsabilit\u00e9 et les moyens humains et techniques de l\u2019UTLA-Pau ne sauraient \u00eatre engag\u00e9s.<\/p>\n<h4><strong>Paiement<\/strong><\/h4>\n<p>Tout paiement (adh\u00e9sions, cotisations, tickets de car, etc.) doit \u00eatre effectu\u00e9 par carte bancaire.<\/p>\n<h4><strong>Participation aux activit\u00e9s<\/strong><\/h4>\n<p>Pour les activit\u00e9s comportant dans une m\u00eame semaine plusieurs s\u00e9ances de m\u00eame niveau ou de niveaux diff\u00e9rents, assur\u00e9es par un seul ou plusieurs professeurs, la participation par adh\u00e9rent n\u2019est autoris\u00e9e qu\u2019\u00e0 une seule s\u00e9ance par semaine.<\/p>\n<p>&nbsp;<\/p>\n<p>Adopt\u00e9 en Conseil d\u2019Administration du 19\/02\/2025.<\/p>\n<p>La pr\u00e9sidente, Eliane Sbrugnera<\/p>\n<p>Le secr\u00e9taire, Clovis Darrigan<\/p>\n","protected":false},"excerpt":{"rendered":"<p>ARTICLE 1 : Relations UTLA-Pau \/ UPPA L\u2019ind\u00e9pendance de l\u2019UTLA-Pau vis-\u00e0-vis de ses partenaires, garantie par sa gestion d\u00e9mocratique et transparente, permet \u00e0 l\u2019UPPA d\u2019en appr\u00e9cier en permanence le fonctionnement, en particulier par la pr\u00e9sentation annuelle des activit\u00e9s de l\u2019UTLA-Pau devant le conseil d\u2019administration de l\u2019UPPA. Par ailleurs, les rapports&#8230; <a href=\"https:\/\/utla.univ-pau.fr\/site\/?page_id=77\" class=\"readmore\">lire la suite\u2026<span class=\"screen-reader-text\">R\u00e8glement int\u00e9rieur<\/span><span class=\"fa fa-angle-double-right\" aria-hidden=\"true\"><\/span><\/a><\/p>\n","protected":false},"author":1,"featured_media":0,"parent":3092,"menu_order":2,"comment_status":"closed","ping_status":"closed","template":"template\/Pleine-largeur.php","meta":[],"acf":[],"_links":{"self":[{"href":"https:\/\/utla.univ-pau.fr\/site\/index.php?rest_route=\/wp\/v2\/pages\/77"}],"collection":[{"href":"https:\/\/utla.univ-pau.fr\/site\/index.php?rest_route=\/wp\/v2\/pages"}],"about":[{"href":"https:\/\/utla.univ-pau.fr\/site\/index.php?rest_route=\/wp\/v2\/types\/page"}],"author":[{"embeddable":true,"href":"https:\/\/utla.univ-pau.fr\/site\/index.php?rest_route=\/wp\/v2\/users\/1"}],"replies":[{"embeddable":true,"href":"https:\/\/utla.univ-pau.fr\/site\/index.php?rest_route=%2Fwp%2Fv2%2Fcomments&post=77"}],"version-history":[{"count":24,"href":"https:\/\/utla.univ-pau.fr\/site\/index.php?rest_route=\/wp\/v2\/pages\/77\/revisions"}],"predecessor-version":[{"id":7994,"href":"https:\/\/utla.univ-pau.fr\/site\/index.php?rest_route=\/wp\/v2\/pages\/77\/revisions\/7994"}],"up":[{"embeddable":true,"href":"https:\/\/utla.univ-pau.fr\/site\/index.php?rest_route=\/wp\/v2\/pages\/3092"}],"wp:attachment":[{"href":"https:\/\/utla.univ-pau.fr\/site\/index.php?rest_route=%2Fwp%2Fv2%2Fmedia&parent=77"}],"curies":[{"name":"wp","href":"https:\/\/api.w.org\/{rel}","templated":true}]}}