{"id":7707,"date":"2025-07-24T09:49:43","date_gmt":"2025-07-24T07:49:43","guid":{"rendered":"https:\/\/utla.univ-pau.fr\/site\/?page_id=7707"},"modified":"2025-11-05T15:35:31","modified_gmt":"2025-11-05T14:35:31","slug":"atelier-creation-de-parfum","status":"publish","type":"page","link":"https:\/\/utla.univ-pau.fr\/site\/?page_id=7707","title":{"rendered":"Atelier cr\u00e9ation de parfum"},"content":{"rendered":"<p>Enseignante : Sarah Nechtschein, sociologue, sp\u00e9cialiste de l\u2019industrie et de l\u2019artisanat des parfums, et cr\u00e9atrice.<\/p>\n<p><strong>Semestre 1 : 2 s\u00e9ances x 3h<\/strong><\/p>\n<p>Cet atelier se composerait de deux s\u00e9ances :<\/p>\n<ul>\n<li>La premi\u00e8re comporterait une introduction sur le rapport aux odeurs et la diff\u00e9rence entre naturel et synth\u00e9tique, suivie de la d\u00e9couverte des mati\u00e8res premi\u00e8res odorantes de l\u2019atelier.<\/li>\n<li>La seconde s\u00e9ance avec un premier temps consacr\u00e9 \u00e0 la cr\u00e9ation d&rsquo;une eau de Cologne, et un deuxi\u00e8me temps o\u00f9 l&rsquo;on cherchera \u00e0 compl\u00e9ter la pyramide olfactive pour cr\u00e9er un parfum.<\/li>\n<\/ul>\n<blockquote><p>Atelier<em>(sous r\u00e9serve)<\/em> limit\u00e9 \u00e0 une vingtaine de participants avec participation financi\u00e8re<\/p><\/blockquote>\n<p><em>(Date en attente pour les inscriptions)<\/em><\/p>\n<p><a href=\"https:\/\/www.instagram.com\/sarah_nech\/\">https:\/\/www.instagram.com\/sarah_nech\/<\/a><\/p>\n","protected":false},"excerpt":{"rendered":"<p>Enseignante : Sarah Nechtschein, sociologue, sp\u00e9cialiste de l\u2019industrie et de l\u2019artisanat des parfums, et cr\u00e9atrice. Semestre 1 : 2 s\u00e9ances x 3h Cet atelier se composerait de deux s\u00e9ances : La premi\u00e8re comporterait une introduction sur le rapport aux odeurs et la diff\u00e9rence entre naturel et synth\u00e9tique, suivie de la&#8230; <a href=\"https:\/\/utla.univ-pau.fr\/site\/?page_id=7707\" class=\"readmore\">lire la suite\u2026<span class=\"screen-reader-text\">Atelier cr\u00e9ation de parfum<\/span><span class=\"fa fa-angle-double-right\" aria-hidden=\"true\"><\/span><\/a><\/p>\n","protected":false},"author":5,"featured_media":0,"parent":5186,"menu_order":0,"comment_status":"closed","ping_status":"closed","template":"","meta":[],"acf":[],"_links":{"self":[{"href":"https:\/\/utla.univ-pau.fr\/site\/index.php?rest_route=\/wp\/v2\/pages\/7707"}],"collection":[{"href":"https:\/\/utla.univ-pau.fr\/site\/index.php?rest_route=\/wp\/v2\/pages"}],"about":[{"href":"https:\/\/utla.univ-pau.fr\/site\/index.php?rest_route=\/wp\/v2\/types\/page"}],"author":[{"embeddable":true,"href":"https:\/\/utla.univ-pau.fr\/site\/index.php?rest_route=\/wp\/v2\/users\/5"}],"replies":[{"embeddable":true,"href":"https:\/\/utla.univ-pau.fr\/site\/index.php?rest_route=%2Fwp%2Fv2%2Fcomments&post=7707"}],"version-history":[{"count":4,"href":"https:\/\/utla.univ-pau.fr\/site\/index.php?rest_route=\/wp\/v2\/pages\/7707\/revisions"}],"predecessor-version":[{"id":7981,"href":"https:\/\/utla.univ-pau.fr\/site\/index.php?rest_route=\/wp\/v2\/pages\/7707\/revisions\/7981"}],"up":[{"embeddable":true,"href":"https:\/\/utla.univ-pau.fr\/site\/index.php?rest_route=\/wp\/v2\/pages\/5186"}],"wp:attachment":[{"href":"https:\/\/utla.univ-pau.fr\/site\/index.php?rest_route=%2Fwp%2Fv2%2Fmedia&parent=7707"}],"curies":[{"name":"wp","href":"https:\/\/api.w.org\/{rel}","templated":true}]}}