{"id":777,"date":"2020-09-16T09:40:58","date_gmt":"2020-09-16T07:40:58","guid":{"rendered":"https:\/\/utla.univ-pau.fr\/site\/?page_id=777"},"modified":"2024-07-26T10:05:22","modified_gmt":"2024-07-26T08:05:22","slug":"allemand","status":"publish","type":"page","link":"https:\/\/utla.univ-pau.fr\/site\/?page_id=777","title":{"rendered":"Allemand"},"content":{"rendered":"<p><strong>Enseignante : Doris Varrault,<\/strong> Professeur d\u2019allemand\/Master 2<\/p>\n<ul>\n<li style=\"list-style-type: none;\">\n<ul>\n<li>D\u00e9butant (A1)<\/li>\n<li><span style=\"color: #000000;\">El\u00e9mentaire (A2)<strong>\u00a0<\/strong><\/span><\/li>\n<li>Interm\u00e9diaire B1 + B2<\/li>\n<\/ul>\n<\/li>\n<\/ul>\n<p><a href=\"https:\/\/utla.univ-pau.fr\/site\/wp-content\/uploads\/2021\/07\/tableau-niveaux-communs-de-reference-du-CECR.pdf\" class=\"mtli_attachment mtli_pdf\" data-mtli=\"mtli_filesize80,3kB\">tableau niveaux communs de r\u00e9f\u00e9rence du CECR<\/a><\/p>\n<style type=\"text\/css\">a[data-mtli~=\"mtli_filesize80,3kB\"]:after {content:\" (80,3 kB)\"}<\/style>","protected":false},"excerpt":{"rendered":"<p>Enseignante : Doris Varrault, Professeur d\u2019allemand\/Master 2 D\u00e9butant (A1) El\u00e9mentaire (A2)\u00a0 Interm\u00e9diaire B1 + B2 tableau niveaux communs de r\u00e9f\u00e9rence du CECR<\/p>\n","protected":false},"author":5,"featured_media":0,"parent":657,"menu_order":0,"comment_status":"closed","ping_status":"closed","template":"template\/Page-cours-pleine-largeur.php","meta":[],"acf":[],"_links":{"self":[{"href":"https:\/\/utla.univ-pau.fr\/site\/index.php?rest_route=\/wp\/v2\/pages\/777"}],"collection":[{"href":"https:\/\/utla.univ-pau.fr\/site\/index.php?rest_route=\/wp\/v2\/pages"}],"about":[{"href":"https:\/\/utla.univ-pau.fr\/site\/index.php?rest_route=\/wp\/v2\/types\/page"}],"author":[{"embeddable":true,"href":"https:\/\/utla.univ-pau.fr\/site\/index.php?rest_route=\/wp\/v2\/users\/5"}],"replies":[{"embeddable":true,"href":"https:\/\/utla.univ-pau.fr\/site\/index.php?rest_route=%2Fwp%2Fv2%2Fcomments&post=777"}],"version-history":[{"count":30,"href":"https:\/\/utla.univ-pau.fr\/site\/index.php?rest_route=\/wp\/v2\/pages\/777\/revisions"}],"predecessor-version":[{"id":5292,"href":"https:\/\/utla.univ-pau.fr\/site\/index.php?rest_route=\/wp\/v2\/pages\/777\/revisions\/5292"}],"up":[{"embeddable":true,"href":"https:\/\/utla.univ-pau.fr\/site\/index.php?rest_route=\/wp\/v2\/pages\/657"}],"wp:attachment":[{"href":"https:\/\/utla.univ-pau.fr\/site\/index.php?rest_route=%2Fwp%2Fv2%2Fmedia&parent=777"}],"curies":[{"name":"wp","href":"https:\/\/api.w.org\/{rel}","templated":true}]}}