{"id":782,"date":"2020-09-16T11:15:18","date_gmt":"2020-09-16T09:15:18","guid":{"rendered":"https:\/\/utla.univ-pau.fr\/site\/?page_id=782"},"modified":"2024-07-26T10:06:16","modified_gmt":"2024-07-26T08:06:16","slug":"anglais","status":"publish","type":"page","link":"https:\/\/utla.univ-pau.fr\/site\/?page_id=782","title":{"rendered":"Anglais"},"content":{"rendered":"<p>&nbsp;<\/p>\n<p><strong>Enseignante : Fiona Reid<\/strong>, Master of Arts (Hons) de fran\u00e7ais, Universit\u00e9 d\u2019Aberdeen.<\/p>\n<ul>\n<li>D\u00e9butant\/pr\u00e9-\u00e9l\u00e9mentaire A1\/A2<\/li>\n<li>Elementary A2<\/li>\n<li>Pre intermediate A2+<\/li>\n<li>Interm\u00e9diate B1<\/li>\n<li>Upper Intermediate B1+<\/li>\n<li>Advanced B2<\/li>\n<\/ul>\n<p>&nbsp;<\/p>\n<p>&nbsp;<\/p>\n<p><strong>Enseignante : Emmanuelle Tisn\u00e9<\/strong>, Ma\u00eetrise en langue, litt\u00e9rature et civilisation anglaise.<\/p>\n<ul>\n<li>Elementary A1\/A2<\/li>\n<li>Elementary A2\/B1<\/li>\n<li>Pre-intermediate B1<\/li>\n<li>Intermediate B1\/B2<\/li>\n<li>Upper-interm\u00e9diate B2<\/li>\n<\/ul>\n<p><a href=\"https:\/\/utla.univ-pau.fr\/site\/wp-content\/uploads\/2021\/07\/tableau-niveaux-communs-de-reference-du-CECR.pdf\" class=\"mtli_attachment mtli_pdf\" data-mtli=\"mtli_filesize80,3kB\">tableau niveaux communs de reference du CECR<\/a><\/p>\n<p>&nbsp;<\/p>\n<div>Pour tester votre niveau, cliquez sur le lien suivant sur British Council &#8211; 30 questions pour conna\u00eetre votre niveau :<\/div>\n<div><\/div>\n<blockquote>\n<div>\u00a0<b><a href=\"https:\/\/learnenglish.britishcouncil.org\/english-levels\/online-english-level-test\">https:\/\/learnenglish.britishcouncil.org\/english-levels\/online-english-level-test<\/a><\/b><\/div>\n<\/blockquote>\n<style type=\"text\/css\">a[data-mtli~=\"mtli_filesize80,3kB\"]:after {content:\" (80,3 kB)\"}<\/style>","protected":false},"excerpt":{"rendered":"<p>&nbsp; Enseignante : Fiona Reid, Master of Arts (Hons) de fran\u00e7ais, Universit\u00e9 d\u2019Aberdeen. D\u00e9butant\/pr\u00e9-\u00e9l\u00e9mentaire A1\/A2 Elementary A2 Pre intermediate A2+ Interm\u00e9diate B1 Upper Intermediate B1+ Advanced B2 &nbsp; &nbsp; Enseignante : Emmanuelle Tisn\u00e9, Ma\u00eetrise en langue, litt\u00e9rature et civilisation anglaise. Elementary A1\/A2 Elementary A2\/B1 Pre-intermediate B1 Intermediate B1\/B2 Upper-interm\u00e9diate B2&#8230; <a href=\"https:\/\/utla.univ-pau.fr\/site\/?page_id=782\" class=\"readmore\">lire la suite\u2026<span class=\"screen-reader-text\">Anglais<\/span><span class=\"fa fa-angle-double-right\" aria-hidden=\"true\"><\/span><\/a><\/p>\n","protected":false},"author":5,"featured_media":0,"parent":657,"menu_order":0,"comment_status":"closed","ping_status":"closed","template":"template\/Page-cours-pleine-largeur.php","meta":[],"acf":[],"_links":{"self":[{"href":"https:\/\/utla.univ-pau.fr\/site\/index.php?rest_route=\/wp\/v2\/pages\/782"}],"collection":[{"href":"https:\/\/utla.univ-pau.fr\/site\/index.php?rest_route=\/wp\/v2\/pages"}],"about":[{"href":"https:\/\/utla.univ-pau.fr\/site\/index.php?rest_route=\/wp\/v2\/types\/page"}],"author":[{"embeddable":true,"href":"https:\/\/utla.univ-pau.fr\/site\/index.php?rest_route=\/wp\/v2\/users\/5"}],"replies":[{"embeddable":true,"href":"https:\/\/utla.univ-pau.fr\/site\/index.php?rest_route=%2Fwp%2Fv2%2Fcomments&post=782"}],"version-history":[{"count":30,"href":"https:\/\/utla.univ-pau.fr\/site\/index.php?rest_route=\/wp\/v2\/pages\/782\/revisions"}],"predecessor-version":[{"id":6894,"href":"https:\/\/utla.univ-pau.fr\/site\/index.php?rest_route=\/wp\/v2\/pages\/782\/revisions\/6894"}],"up":[{"embeddable":true,"href":"https:\/\/utla.univ-pau.fr\/site\/index.php?rest_route=\/wp\/v2\/pages\/657"}],"wp:attachment":[{"href":"https:\/\/utla.univ-pau.fr\/site\/index.php?rest_route=%2Fwp%2Fv2%2Fmedia&parent=782"}],"curies":[{"name":"wp","href":"https:\/\/api.w.org\/{rel}","templated":true}]}}