{"id":784,"date":"2020-07-22T13:05:42","date_gmt":"2020-07-22T11:05:42","guid":{"rendered":"https:\/\/utla.univ-pau.fr\/site\/?page_id=784"},"modified":"2024-07-26T10:07:44","modified_gmt":"2024-07-26T08:07:44","slug":"portugais","status":"publish","type":"page","link":"https:\/\/utla.univ-pau.fr\/site\/?page_id=784","title":{"rendered":"Portugais"},"content":{"rendered":"<div class=\"cartouche\">\n<div class=\"surlignable\">\n<p><strong>Enseignante : Geovana Cristina Camara Costa, <\/strong>Master 1, arts, lettres et civilisations (Lilac)<\/p>\n<\/div>\n<\/div>\n<ul>\n<li>D\u00e9butant A1(vrai d\u00e9butant)<\/li>\n<li>El\u00e9mentaire A2<\/li>\n<li>Interm\u00e9diaire B1<\/li>\n<li>Interm\u00e9diaire B2<\/li>\n<\/ul>\n<p>&nbsp;<\/p>\n<div class=\"surlignable\"><a href=\"https:\/\/utla.univ-pau.fr\/site\/wp-content\/uploads\/2021\/07\/tableau-niveaux-communs-de-reference-du-CECR.pdf\" class=\"mtli_attachment mtli_pdf\" data-mtli=\"mtli_filesize80,3kB\">tableau niveaux communs de reference du CECR<\/a><\/div>\n<style type=\"text\/css\">a[data-mtli~=\"mtli_filesize80,3kB\"]:after {content:\" (80,3 kB)\"}<\/style>","protected":false},"excerpt":{"rendered":"<p>Enseignante : Geovana Cristina Camara Costa, Master 1, arts, lettres et civilisations (Lilac) D\u00e9butant A1(vrai d\u00e9butant) El\u00e9mentaire A2 Interm\u00e9diaire B1 Interm\u00e9diaire B2 &nbsp; tableau niveaux communs de reference du CECR<\/p>\n","protected":false},"author":5,"featured_media":0,"parent":657,"menu_order":0,"comment_status":"closed","ping_status":"closed","template":"template\/Page-cours-pleine-largeur.php","meta":[],"acf":[],"_links":{"self":[{"href":"https:\/\/utla.univ-pau.fr\/site\/index.php?rest_route=\/wp\/v2\/pages\/784"}],"collection":[{"href":"https:\/\/utla.univ-pau.fr\/site\/index.php?rest_route=\/wp\/v2\/pages"}],"about":[{"href":"https:\/\/utla.univ-pau.fr\/site\/index.php?rest_route=\/wp\/v2\/types\/page"}],"author":[{"embeddable":true,"href":"https:\/\/utla.univ-pau.fr\/site\/index.php?rest_route=\/wp\/v2\/users\/5"}],"replies":[{"embeddable":true,"href":"https:\/\/utla.univ-pau.fr\/site\/index.php?rest_route=%2Fwp%2Fv2%2Fcomments&post=784"}],"version-history":[{"count":29,"href":"https:\/\/utla.univ-pau.fr\/site\/index.php?rest_route=\/wp\/v2\/pages\/784\/revisions"}],"predecessor-version":[{"id":6912,"href":"https:\/\/utla.univ-pau.fr\/site\/index.php?rest_route=\/wp\/v2\/pages\/784\/revisions\/6912"}],"up":[{"embeddable":true,"href":"https:\/\/utla.univ-pau.fr\/site\/index.php?rest_route=\/wp\/v2\/pages\/657"}],"wp:attachment":[{"href":"https:\/\/utla.univ-pau.fr\/site\/index.php?rest_route=%2Fwp%2Fv2%2Fmedia&parent=784"}],"curies":[{"name":"wp","href":"https:\/\/api.w.org\/{rel}","templated":true}]}}